{"id":568,"date":"2024-04-03T16:23:23","date_gmt":"2024-04-03T14:23:23","guid":{"rendered":"https:\/\/tusta.com.ar\/?post_type=product&#038;p=568"},"modified":"2026-03-20T17:20:28","modified_gmt":"2026-03-20T20:20:28","slug":"bomba-desagote-rw-drain-t18-6-fm-rowa","status":"publish","type":"product","link":"https:\/\/tusta.com.ar\/index.php\/producto\/bomba-desagote-rw-drain-t18-6-fm-rowa\/","title":{"rendered":"Rowa RW DRAIN T18\/6 &#8211; FM Bomba Desagote"},"content":{"rendered":"<p><strong>Para desagote de agua limpia y agua turbia<\/strong><\/p>\n<p><strong>Garant\u00eda 2 a\u00f1os<\/strong><\/p>\n<p><strong>Ventajas<\/strong><br \/>\n&#8211; ROBUSTA y RESISTENTE con dise\u00f1o de motor anti-sobrecarga.<br \/>\n&#8211; Mantenimiento sencillo.<br \/>\n&#8211; Extrae agua desde un nivel muy bajo.<br \/>\n&#8211; Impulsor altamente durable fabricado en termopl\u00e1stico PPOG20<br \/>\n&#8211; Tornillos de acero inoxidable, f\u00e1cil de mantener.<br \/>\n&#8211; Profundidad de instalaci\u00f3n hasta 5 metros.<br \/>\n&#8211; Temperatura m\u00e1xima de agua 40\u00b0C<\/p>\n<p>Utilizaci\u00f3n: tanques, s\u00f3tanos, garajes, agua de lluvia, piletas de nataci\u00f3n, etc.<\/p>\n","protected":false},"excerpt":{"rendered":"<ul>\n<li>KW 0,37<\/li>\n<li>Caudal M\u00e1ximo 6000 (l\/h)<\/li>\n<li>Potencia 0,50 (HP)<\/li>\n<li>Altura M\u00e1xima 18 mts<\/li>\n<li>Corriente 2,9 (A)<\/li>\n<li>Conexi\u00f3n Rosca 1&#8243;<\/li>\n<li>Largo del cable 8 mts<\/li>\n<li>Caudal M\u00e1ximo 3500 (l\/h)<\/li>\n<li>Peso 10.5 (Kg)<\/li>\n<\/ul>\n","protected":false},"featured_media":622,"comment_status":"open","ping_status":"closed","template":"","meta":{"_eb_attr":""},"product_brand":[],"product_cat":[23,29],"product_tag":[98],"class_list":{"0":"post-568","1":"product","2":"type-product","3":"status-publish","4":"has-post-thumbnail","6":"product_cat-bombas","7":"product_cat-desagote","8":"product_tag-rowa","10":"first","11":"outofstock","12":"sold-individually","13":"shipping-taxable","14":"purchasable","15":"product-type-simple"},"_links":{"self":[{"href":"https:\/\/tusta.com.ar\/index.php\/wp-json\/wp\/v2\/product\/568","targetHints":{"allow":["GET"]}}],"collection":[{"href":"https:\/\/tusta.com.ar\/index.php\/wp-json\/wp\/v2\/product"}],"about":[{"href":"https:\/\/tusta.com.ar\/index.php\/wp-json\/wp\/v2\/types\/product"}],"replies":[{"embeddable":true,"href":"https:\/\/tusta.com.ar\/index.php\/wp-json\/wp\/v2\/comments?post=568"}],"version-history":[{"count":4,"href":"https:\/\/tusta.com.ar\/index.php\/wp-json\/wp\/v2\/product\/568\/revisions"}],"predecessor-version":[{"id":4286,"href":"https:\/\/tusta.com.ar\/index.php\/wp-json\/wp\/v2\/product\/568\/revisions\/4286"}],"wp:featuredmedia":[{"embeddable":true,"href":"https:\/\/tusta.com.ar\/index.php\/wp-json\/wp\/v2\/media\/622"}],"wp:attachment":[{"href":"https:\/\/tusta.com.ar\/index.php\/wp-json\/wp\/v2\/media?parent=568"}],"wp:term":[{"taxonomy":"product_brand","embeddable":true,"href":"https:\/\/tusta.com.ar\/index.php\/wp-json\/wp\/v2\/product_brand?post=568"},{"taxonomy":"product_cat","embeddable":true,"href":"https:\/\/tusta.com.ar\/index.php\/wp-json\/wp\/v2\/product_cat?post=568"},{"taxonomy":"product_tag","embeddable":true,"href":"https:\/\/tusta.com.ar\/index.php\/wp-json\/wp\/v2\/product_tag?post=568"}],"curies":[{"name":"wp","href":"https:\/\/api.w.org\/{rel}","templated":true}]}}