{"id":5844,"date":"2026-03-19T17:13:55","date_gmt":"2026-03-19T20:13:55","guid":{"rendered":"https:\/\/tusta.com.ar\/?post_type=product&#038;p=5844"},"modified":"2026-03-23T14:52:47","modified_gmt":"2026-03-23T17:52:47","slug":"combo-skimmer-boca-chica-2-virolas-2-retornos-hormigon","status":"publish","type":"product","link":"https:\/\/tusta.com.ar\/index.php\/producto\/combo-skimmer-boca-chica-2-virolas-2-retornos-hormigon\/","title":{"rendered":"Combo Skimmer Boca Chica Hormig\u00f3n"},"content":{"rendered":"<h3 data-path-to-node=\"6\">Caracter\u00edsticas Principales<\/h3>\n<p data-path-to-node=\"8,0,0\"><b data-path-to-node=\"8,0,0\" data-index-in-node=\"0\">Versatilidad de Conexi\u00f3n:<\/b> Disponibles en modelos para <b data-path-to-node=\"8,0,0\" data-index-in-node=\"54\">pegar o roscar<\/b>, adapt\u00e1ndose perfectamente a cualquier proyecto de ca\u00f1er\u00eda de PVC de 50 mm.<\/p>\n<p data-path-to-node=\"8,1,0\"><b data-path-to-node=\"8,1,0\" data-index-in-node=\"0\">Resistencia Premium:<\/b> Construidos en pol\u00edmeros con <b data-path-to-node=\"8,1,0\" data-index-in-node=\"50\">protecci\u00f3n UV<\/b>, lo que evita el amarilleo y la degradaci\u00f3n causada por el sol y los productos qu\u00edmicos (cloro, alguicidas).<\/p>\n<p data-path-to-node=\"8,2,0\"><b data-path-to-node=\"8,2,0\" data-index-in-node=\"0\">Dise\u00f1o para Hormig\u00f3n:<\/b> Su formato y alas de fijaci\u00f3n est\u00e1n dise\u00f1ados espec\u00edficamente para una anclaje s\u00f3lido y estanco en estructuras de mamposter\u00eda u hormig\u00f3n armado.<\/p>\n<p>&nbsp;<\/p>\n<h3 data-path-to-node=\"9\">Ventajas de este Combo<\/h3>\n<ul data-path-to-node=\"10\">\n<li>\n<p data-path-to-node=\"10,0,0\"><b data-path-to-node=\"10,0,0\" data-index-in-node=\"0\">Circulaci\u00f3n Eficiente:<\/b> Con dos puntos de retorno, se mejora notablemente el movimiento del agua hacia el skimmer.<\/p>\n<\/li>\n<li>\n<p data-path-to-node=\"10,1,0\"><b data-path-to-node=\"10,1,0\" data-index-in-node=\"0\">F\u00e1cil Mantenimiento:<\/b> El skimmer incluye un canasto recolector de f\u00e1cil extracci\u00f3n para su limpieza regular.<\/p>\n<\/li>\n<li>\n<p data-path-to-node=\"10,2,0\"><b data-path-to-node=\"10,2,0\" data-index-in-node=\"0\">Compatibilidad Total:<\/b> Al adquirir el kit completo, se asegura la uniformidad de color y estilo en todos los accesorios visibles de la piscina.<\/p>\n<\/li>\n<\/ul>\n","protected":false},"excerpt":{"rendered":"<h3 data-path-to-node=\"5\">El Kit Incluye:<\/h3>\n<ul data-path-to-node=\"6\">\n<li>\n<p data-path-to-node=\"6,0,0\"><b data-path-to-node=\"6,0,0\" data-index-in-node=\"0\">1 Skimmer Boca Chica:<\/b> El primer paso en el ciclo de limpieza. Su funci\u00f3n es capturar los residuos flotantes antes de que lleguen al fondo, manteniendo la superficie del agua impecable.<\/p>\n<\/li>\n<li>\n<p data-path-to-node=\"6,1,0\"><b data-path-to-node=\"6,1,0\" data-index-in-node=\"0\">2 Retornos:<\/b> Dispositivos fundamentales para devolver el agua filtrada al espejo de agua. Su dise\u00f1o permite una distribuci\u00f3n uniforme del flujo, evitando el estancamiento.<\/p>\n<\/li>\n<li>\n<p data-path-to-node=\"6,2,0\"><b data-path-to-node=\"6,2,0\" data-index-in-node=\"0\">2 Virolas:<\/b> Piezas de terminaci\u00f3n y conexi\u00f3n para los puntos de aspiraci\u00f3n, garantizando un acople seguro y una est\u00e9tica cuidada en las paredes de la piscina.<\/p>\n<\/li>\n<\/ul>\n<p><strong>Las virolas y retornos pueden ser de pegar o de roscar.<\/strong><\/p>\n","protected":false},"featured_media":5845,"comment_status":"open","ping_status":"closed","template":"","meta":{"_eb_attr":""},"product_brand":[],"product_cat":[55],"product_tag":[112],"class_list":{"0":"post-5844","1":"product","2":"type-product","3":"status-publish","4":"has-post-thumbnail","6":"product_cat-piscina","7":"product_tag-vulcano","9":"first","10":"instock","11":"shipping-taxable","12":"purchasable","13":"product-type-simple"},"_links":{"self":[{"href":"https:\/\/tusta.com.ar\/index.php\/wp-json\/wp\/v2\/product\/5844","targetHints":{"allow":["GET"]}}],"collection":[{"href":"https:\/\/tusta.com.ar\/index.php\/wp-json\/wp\/v2\/product"}],"about":[{"href":"https:\/\/tusta.com.ar\/index.php\/wp-json\/wp\/v2\/types\/product"}],"replies":[{"embeddable":true,"href":"https:\/\/tusta.com.ar\/index.php\/wp-json\/wp\/v2\/comments?post=5844"}],"version-history":[{"count":2,"href":"https:\/\/tusta.com.ar\/index.php\/wp-json\/wp\/v2\/product\/5844\/revisions"}],"predecessor-version":[{"id":5894,"href":"https:\/\/tusta.com.ar\/index.php\/wp-json\/wp\/v2\/product\/5844\/revisions\/5894"}],"wp:featuredmedia":[{"embeddable":true,"href":"https:\/\/tusta.com.ar\/index.php\/wp-json\/wp\/v2\/media\/5845"}],"wp:attachment":[{"href":"https:\/\/tusta.com.ar\/index.php\/wp-json\/wp\/v2\/media?parent=5844"}],"wp:term":[{"taxonomy":"product_brand","embeddable":true,"href":"https:\/\/tusta.com.ar\/index.php\/wp-json\/wp\/v2\/product_brand?post=5844"},{"taxonomy":"product_cat","embeddable":true,"href":"https:\/\/tusta.com.ar\/index.php\/wp-json\/wp\/v2\/product_cat?post=5844"},{"taxonomy":"product_tag","embeddable":true,"href":"https:\/\/tusta.com.ar\/index.php\/wp-json\/wp\/v2\/product_tag?post=5844"}],"curies":[{"name":"wp","href":"https:\/\/api.w.org\/{rel}","templated":true}]}}