{"id":5999,"date":"2026-03-28T12:12:39","date_gmt":"2026-03-28T15:12:39","guid":{"rendered":"https:\/\/tusta.com.ar\/?post_type=product&#038;p=5999"},"modified":"2026-04-01T12:34:36","modified_gmt":"2026-04-01T15:34:36","slug":"kit-amanco-campo-de-infiltracion-biodigestor-600lts","status":"publish","type":"product","link":"https:\/\/tusta.com.ar\/index.php\/producto\/kit-amanco-campo-de-infiltracion-biodigestor-600lts\/","title":{"rendered":"Kit Amanco Campo de Infiltraci\u00f3n Biodigestor 600Lts"},"content":{"rendered":"<p>Calculado para suelo con Abasorci\u00f3n Est\u00e1ndar<\/p>\n<p>Realizado en Ca\u00f1os Amanco 110 Nivel 1 Standar<\/p>\n","protected":false},"excerpt":{"rendered":"<p>INCLUYE:<br \/>\n6 Ca\u00f1os 110 Perforados en 2 hileras a 45 grados del eje vertical<\/p>\n<p>1 Ca\u00f1o 110 sin perforar<\/p>\n<p>1 Tee 110<\/p>\n<p>2 Codos 110<\/p>\n<p>2 Tapas 110<\/p>\n<p>1 Reducci\u00f3n 110 a 63<\/p>\n<p>1 Adhesivo Amanco 250 cm3<\/p>\n","protected":false},"featured_media":5995,"comment_status":"open","ping_status":"closed","template":"","meta":{"_eb_attr":""},"product_brand":[],"product_cat":[19,297,20],"product_tag":[],"class_list":{"0":"post-5999","1":"product","2":"type-product","3":"status-publish","4":"has-post-thumbnail","6":"product_cat-biodigestores","7":"product_cat-canerias","8":"product_cat-domesticos-biodigestores","10":"first","11":"instock","12":"shipping-taxable","13":"purchasable","14":"product-type-simple"},"_links":{"self":[{"href":"https:\/\/tusta.com.ar\/index.php\/wp-json\/wp\/v2\/product\/5999","targetHints":{"allow":["GET"]}}],"collection":[{"href":"https:\/\/tusta.com.ar\/index.php\/wp-json\/wp\/v2\/product"}],"about":[{"href":"https:\/\/tusta.com.ar\/index.php\/wp-json\/wp\/v2\/types\/product"}],"replies":[{"embeddable":true,"href":"https:\/\/tusta.com.ar\/index.php\/wp-json\/wp\/v2\/comments?post=5999"}],"version-history":[{"count":1,"href":"https:\/\/tusta.com.ar\/index.php\/wp-json\/wp\/v2\/product\/5999\/revisions"}],"predecessor-version":[{"id":6000,"href":"https:\/\/tusta.com.ar\/index.php\/wp-json\/wp\/v2\/product\/5999\/revisions\/6000"}],"wp:featuredmedia":[{"embeddable":true,"href":"https:\/\/tusta.com.ar\/index.php\/wp-json\/wp\/v2\/media\/5995"}],"wp:attachment":[{"href":"https:\/\/tusta.com.ar\/index.php\/wp-json\/wp\/v2\/media?parent=5999"}],"wp:term":[{"taxonomy":"product_brand","embeddable":true,"href":"https:\/\/tusta.com.ar\/index.php\/wp-json\/wp\/v2\/product_brand?post=5999"},{"taxonomy":"product_cat","embeddable":true,"href":"https:\/\/tusta.com.ar\/index.php\/wp-json\/wp\/v2\/product_cat?post=5999"},{"taxonomy":"product_tag","embeddable":true,"href":"https:\/\/tusta.com.ar\/index.php\/wp-json\/wp\/v2\/product_tag?post=5999"}],"curies":[{"name":"wp","href":"https:\/\/api.w.org\/{rel}","templated":true}]}}