{"id":6066,"date":"2026-04-06T15:39:00","date_gmt":"2026-04-06T18:39:00","guid":{"rendered":"https:\/\/tusta.com.ar\/?post_type=product&#038;p=6066"},"modified":"2026-04-06T15:39:00","modified_gmt":"2026-04-06T18:39:00","slug":"termostato-electrico-tse-repuesto-termotanque-senorial","status":"publish","type":"product","link":"https:\/\/tusta.com.ar\/index.php\/producto\/termostato-electrico-tse-repuesto-termotanque-senorial\/","title":{"rendered":"Termostato El\u00e9ctrico TSE Repuesto Termotanque Se\u00f1orial"},"content":{"rendered":"<p>\u00bfQue incluye el producto?<\/p>\n<p>TERMOSTATO PARA TERMOTANQUE EL\u00c9CTRICO SE\u00d1ORIAL ORIGINAL.<\/p>\n<p>Para TODOS los modelos de termotanques EL\u00c9CTRICOS de Se\u00f1orial.<\/p>\n<p>Este repuesto es ORIGINAL de Se\u00f1orial.<\/p>\n","protected":false},"excerpt":{"rendered":"<p>\u00bfQue incluye el producto? TERMOSTATO PARA TERMOTANQUE EL\u00c9CTRICO SE\u00d1ORIAL ORIGINAL. Para TODOS los modelos de termotanques EL\u00c9CTRICOS de Se\u00f1orial. Este repuesto es ORIGINAL de Se\u00f1orial.<\/p>\n","protected":false},"featured_media":6068,"comment_status":"open","ping_status":"closed","template":"","meta":{"_eb_attr":""},"product_brand":[],"product_cat":[354],"product_tag":[],"class_list":{"0":"post-6066","1":"product","2":"type-product","3":"status-publish","4":"has-post-thumbnail","6":"product_cat-repuestos","8":"first","9":"instock","10":"shipping-taxable","11":"purchasable","12":"product-type-simple"},"_links":{"self":[{"href":"https:\/\/tusta.com.ar\/index.php\/wp-json\/wp\/v2\/product\/6066","targetHints":{"allow":["GET"]}}],"collection":[{"href":"https:\/\/tusta.com.ar\/index.php\/wp-json\/wp\/v2\/product"}],"about":[{"href":"https:\/\/tusta.com.ar\/index.php\/wp-json\/wp\/v2\/types\/product"}],"replies":[{"embeddable":true,"href":"https:\/\/tusta.com.ar\/index.php\/wp-json\/wp\/v2\/comments?post=6066"}],"version-history":[{"count":1,"href":"https:\/\/tusta.com.ar\/index.php\/wp-json\/wp\/v2\/product\/6066\/revisions"}],"predecessor-version":[{"id":6072,"href":"https:\/\/tusta.com.ar\/index.php\/wp-json\/wp\/v2\/product\/6066\/revisions\/6072"}],"wp:featuredmedia":[{"embeddable":true,"href":"https:\/\/tusta.com.ar\/index.php\/wp-json\/wp\/v2\/media\/6068"}],"wp:attachment":[{"href":"https:\/\/tusta.com.ar\/index.php\/wp-json\/wp\/v2\/media?parent=6066"}],"wp:term":[{"taxonomy":"product_brand","embeddable":true,"href":"https:\/\/tusta.com.ar\/index.php\/wp-json\/wp\/v2\/product_brand?post=6066"},{"taxonomy":"product_cat","embeddable":true,"href":"https:\/\/tusta.com.ar\/index.php\/wp-json\/wp\/v2\/product_cat?post=6066"},{"taxonomy":"product_tag","embeddable":true,"href":"https:\/\/tusta.com.ar\/index.php\/wp-json\/wp\/v2\/product_tag?post=6066"}],"curies":[{"name":"wp","href":"https:\/\/api.w.org\/{rel}","templated":true}]}}