{"id":6090,"date":"2026-04-06T15:47:24","date_gmt":"2026-04-06T18:47:24","guid":{"rendered":"https:\/\/tusta.com.ar\/?post_type=product&#038;p=6090"},"modified":"2026-04-06T15:47:24","modified_gmt":"2026-04-06T18:47:24","slug":"conjunto-quemador-chico-30-50l-repuesto-termotanque-senorial","status":"publish","type":"product","link":"https:\/\/tusta.com.ar\/index.php\/producto\/conjunto-quemador-chico-30-50l-repuesto-termotanque-senorial\/","title":{"rendered":"Conjunto Quemador Chico 30-50L Repuesto Termotanque Se\u00f1orial"},"content":{"rendered":"<p>\u00bfQue incluye el producto?<\/p>\n<p>QUEMADOR COMPLETO TERMOCUPLA PILOTO CA\u00d1O DEL PILOTO CA\u00d1O DE ALIMENTACI\u00d3N<\/p>\n<p>Compatible con los modelos de termotanque a gas de 30 y 50 Litros de Se\u00f1orial.<\/p>\n<p>TODAS las piezas de esta publicaci\u00f3n son ORIGINALES de Se\u00f1orial.<\/p>\n","protected":false},"excerpt":{"rendered":"<p>\u00bfQue incluye el producto? QUEMADOR COMPLETO TERMOCUPLA PILOTO CA\u00d1O DEL PILOTO CA\u00d1O DE ALIMENTACI\u00d3N Compatible con los modelos de termotanque a gas de 30 y 50 Litros de Se\u00f1orial. TODAS las piezas de esta publicaci\u00f3n son ORIGINALES de Se\u00f1orial.<\/p>\n","protected":false},"featured_media":6091,"comment_status":"open","ping_status":"closed","template":"","meta":{"_eb_attr":""},"product_brand":[],"product_cat":[354],"product_tag":[108],"class_list":{"0":"post-6090","1":"product","2":"type-product","3":"status-publish","4":"has-post-thumbnail","6":"product_cat-repuestos","7":"product_tag-senorial","9":"first","10":"instock","11":"shipping-taxable","12":"purchasable","13":"product-type-simple"},"_links":{"self":[{"href":"https:\/\/tusta.com.ar\/index.php\/wp-json\/wp\/v2\/product\/6090","targetHints":{"allow":["GET"]}}],"collection":[{"href":"https:\/\/tusta.com.ar\/index.php\/wp-json\/wp\/v2\/product"}],"about":[{"href":"https:\/\/tusta.com.ar\/index.php\/wp-json\/wp\/v2\/types\/product"}],"replies":[{"embeddable":true,"href":"https:\/\/tusta.com.ar\/index.php\/wp-json\/wp\/v2\/comments?post=6090"}],"version-history":[{"count":1,"href":"https:\/\/tusta.com.ar\/index.php\/wp-json\/wp\/v2\/product\/6090\/revisions"}],"predecessor-version":[{"id":6099,"href":"https:\/\/tusta.com.ar\/index.php\/wp-json\/wp\/v2\/product\/6090\/revisions\/6099"}],"wp:featuredmedia":[{"embeddable":true,"href":"https:\/\/tusta.com.ar\/index.php\/wp-json\/wp\/v2\/media\/6091"}],"wp:attachment":[{"href":"https:\/\/tusta.com.ar\/index.php\/wp-json\/wp\/v2\/media?parent=6090"}],"wp:term":[{"taxonomy":"product_brand","embeddable":true,"href":"https:\/\/tusta.com.ar\/index.php\/wp-json\/wp\/v2\/product_brand?post=6090"},{"taxonomy":"product_cat","embeddable":true,"href":"https:\/\/tusta.com.ar\/index.php\/wp-json\/wp\/v2\/product_cat?post=6090"},{"taxonomy":"product_tag","embeddable":true,"href":"https:\/\/tusta.com.ar\/index.php\/wp-json\/wp\/v2\/product_tag?post=6090"}],"curies":[{"name":"wp","href":"https:\/\/api.w.org\/{rel}","templated":true}]}}