{"id":6118,"date":"2026-04-06T15:55:53","date_gmt":"2026-04-06T18:55:53","guid":{"rendered":"https:\/\/tusta.com.ar\/?post_type=product&#038;p=6118"},"modified":"2026-04-06T15:55:53","modified_gmt":"2026-04-06T18:55:53","slug":"anodo-de-magnesio-50-95-90l-repuesto-termotanque-senorial","status":"publish","type":"product","link":"https:\/\/tusta.com.ar\/index.php\/producto\/anodo-de-magnesio-50-95-90l-repuesto-termotanque-senorial\/","title":{"rendered":"\u00c1nodo de Magnesio 50\/95\/90L Repuesto Termotanque Se\u00f1orial"},"content":{"rendered":"<p>\u00bfQue incluye el producto?<\/p>\n<p>1 \u00c1NODO DE MAGNESIO SE\u00d1ORIAL 50\/95\/90L.<\/p>\n<p>Caracter\u00edsticas: Largo del \u00e1nodo solo: 682mm.<\/p>\n<p>Largo c\/Rosca: 702mm.<\/p>\n<p>Di\u00e1metro: 19mm.<\/p>\n<p>Compatible con todos los modelos de termotanques a gas y el\u00e9ctricos de 50 a 95 Litros de Se\u00f1orial.<\/p>\n<p>Este repuesto es ORIGINAL de Se\u00f1orial.<\/p>\n","protected":false},"excerpt":{"rendered":"<p>\u00bfQue incluye el producto? 1 \u00c1NODO DE MAGNESIO SE\u00d1ORIAL 50\/95\/90L. Caracter\u00edsticas: Largo del \u00e1nodo solo: 682mm. Largo c\/Rosca: 702mm. Di\u00e1metro: 19mm. Compatible con todos los modelos de termotanques a gas y el\u00e9ctricos de 50 a 95 Litros de Se\u00f1orial. Este repuesto es ORIGINAL de Se\u00f1orial.<\/p>\n","protected":false},"featured_media":6112,"comment_status":"open","ping_status":"closed","template":"","meta":{"_eb_attr":""},"product_brand":[],"product_cat":[354],"product_tag":[],"class_list":{"0":"post-6118","1":"product","2":"type-product","3":"status-publish","4":"has-post-thumbnail","6":"product_cat-repuestos","8":"first","9":"instock","10":"shipping-taxable","11":"purchasable","12":"product-type-simple"},"_links":{"self":[{"href":"https:\/\/tusta.com.ar\/index.php\/wp-json\/wp\/v2\/product\/6118","targetHints":{"allow":["GET"]}}],"collection":[{"href":"https:\/\/tusta.com.ar\/index.php\/wp-json\/wp\/v2\/product"}],"about":[{"href":"https:\/\/tusta.com.ar\/index.php\/wp-json\/wp\/v2\/types\/product"}],"replies":[{"embeddable":true,"href":"https:\/\/tusta.com.ar\/index.php\/wp-json\/wp\/v2\/comments?post=6118"}],"version-history":[{"count":1,"href":"https:\/\/tusta.com.ar\/index.php\/wp-json\/wp\/v2\/product\/6118\/revisions"}],"predecessor-version":[{"id":6122,"href":"https:\/\/tusta.com.ar\/index.php\/wp-json\/wp\/v2\/product\/6118\/revisions\/6122"}],"wp:featuredmedia":[{"embeddable":true,"href":"https:\/\/tusta.com.ar\/index.php\/wp-json\/wp\/v2\/media\/6112"}],"wp:attachment":[{"href":"https:\/\/tusta.com.ar\/index.php\/wp-json\/wp\/v2\/media?parent=6118"}],"wp:term":[{"taxonomy":"product_brand","embeddable":true,"href":"https:\/\/tusta.com.ar\/index.php\/wp-json\/wp\/v2\/product_brand?post=6118"},{"taxonomy":"product_cat","embeddable":true,"href":"https:\/\/tusta.com.ar\/index.php\/wp-json\/wp\/v2\/product_cat?post=6118"},{"taxonomy":"product_tag","embeddable":true,"href":"https:\/\/tusta.com.ar\/index.php\/wp-json\/wp\/v2\/product_tag?post=6118"}],"curies":[{"name":"wp","href":"https:\/\/api.w.org\/{rel}","templated":true}]}}