{"id":6126,"date":"2026-04-06T15:59:11","date_gmt":"2026-04-06T18:59:11","guid":{"rendered":"https:\/\/tusta.com.ar\/?post_type=product&#038;p=6126"},"modified":"2026-04-06T15:59:11","modified_gmt":"2026-04-06T18:59:11","slug":"anodo-de-magnesio-30-65l-repuesto-termotanque-senorial","status":"publish","type":"product","link":"https:\/\/tusta.com.ar\/index.php\/producto\/anodo-de-magnesio-30-65l-repuesto-termotanque-senorial\/","title":{"rendered":"\u00c1nodo de Magnesio 30\/65L Repuesto Termotanque Se\u00f1orial"},"content":{"rendered":"<p>\u00bfQue incluye el producto?<\/p>\n<p>1 \u00c1NODO DE MAGNESIO SE\u00d1ORIAL 30\/65Lt.<\/p>\n<p>Caracter\u00edsticas:<\/p>\n<p>Largo del \u00e1nodo solo: 350mm.<\/p>\n<p>Largo c\/Rosca: 370mm.<\/p>\n<p>Di\u00e1metro: 19mm.<\/p>\n<p>Compatible con todos los modelos de termotanques a gas y el\u00e9ctricos de 30 a 65 Litros de Se\u00f1orial.<\/p>\n<p>Este repuesto es ORIGINAL de Se\u00f1orial.<\/p>\n","protected":false},"excerpt":{"rendered":"<p>\u00bfQue incluye el producto? 1 \u00c1NODO DE MAGNESIO SE\u00d1ORIAL 30\/65Lt. Caracter\u00edsticas: Largo del \u00e1nodo solo: 350mm. Largo c\/Rosca: 370mm. Di\u00e1metro: 19mm. Compatible con todos los modelos de termotanques a gas y el\u00e9ctricos de 30 a 65 Litros de Se\u00f1orial. Este repuesto es ORIGINAL de Se\u00f1orial.<\/p>\n","protected":false},"featured_media":6124,"comment_status":"open","ping_status":"closed","template":"","meta":{"_eb_attr":""},"product_brand":[],"product_cat":[354],"product_tag":[],"class_list":{"0":"post-6126","1":"product","2":"type-product","3":"status-publish","4":"has-post-thumbnail","6":"product_cat-repuestos","8":"first","9":"instock","10":"shipping-taxable","11":"purchasable","12":"product-type-simple"},"_links":{"self":[{"href":"https:\/\/tusta.com.ar\/index.php\/wp-json\/wp\/v2\/product\/6126","targetHints":{"allow":["GET"]}}],"collection":[{"href":"https:\/\/tusta.com.ar\/index.php\/wp-json\/wp\/v2\/product"}],"about":[{"href":"https:\/\/tusta.com.ar\/index.php\/wp-json\/wp\/v2\/types\/product"}],"replies":[{"embeddable":true,"href":"https:\/\/tusta.com.ar\/index.php\/wp-json\/wp\/v2\/comments?post=6126"}],"version-history":[{"count":1,"href":"https:\/\/tusta.com.ar\/index.php\/wp-json\/wp\/v2\/product\/6126\/revisions"}],"predecessor-version":[{"id":6130,"href":"https:\/\/tusta.com.ar\/index.php\/wp-json\/wp\/v2\/product\/6126\/revisions\/6130"}],"wp:featuredmedia":[{"embeddable":true,"href":"https:\/\/tusta.com.ar\/index.php\/wp-json\/wp\/v2\/media\/6124"}],"wp:attachment":[{"href":"https:\/\/tusta.com.ar\/index.php\/wp-json\/wp\/v2\/media?parent=6126"}],"wp:term":[{"taxonomy":"product_brand","embeddable":true,"href":"https:\/\/tusta.com.ar\/index.php\/wp-json\/wp\/v2\/product_brand?post=6126"},{"taxonomy":"product_cat","embeddable":true,"href":"https:\/\/tusta.com.ar\/index.php\/wp-json\/wp\/v2\/product_cat?post=6126"},{"taxonomy":"product_tag","embeddable":true,"href":"https:\/\/tusta.com.ar\/index.php\/wp-json\/wp\/v2\/product_tag?post=6126"}],"curies":[{"name":"wp","href":"https:\/\/api.w.org\/{rel}","templated":true}]}}