{"id":6140,"date":"2026-04-08T13:51:51","date_gmt":"2026-04-08T16:51:51","guid":{"rendered":"https:\/\/tusta.com.ar\/?post_type=product&#038;p=6140"},"modified":"2026-04-09T18:28:58","modified_gmt":"2026-04-09T21:28:58","slug":"bomba-para-piscina-bae-125-1-25hp-220v-monofasica-vulcano","status":"publish","type":"product","link":"https:\/\/tusta.com.ar\/index.php\/producto\/bomba-para-piscina-bae-125-1-25hp-220v-monofasica-vulcano\/","title":{"rendered":"Bomba para piscina BAE 125 \u2013 1.25HP 220V monof\u00e1sica Vulcano"},"content":{"rendered":"<p>La bomba para piscina BAE 125 Vulcano est\u00e1 dise\u00f1ada para piletas residenciales que necesitan\u00a0<b>buen caudal de recirculaci\u00f3n.<\/b>\u00a0Es la elegida por los instaladores, su dise\u00f1o reforzado responde a las m\u00e1s altas exigencias.<\/p>\n<p>Una soluci\u00f3n pensada para quienes necesitan eficiencia y durabilidad. Cuenta con pre-filtro incorporado y canasto atrapa hojas de gran tama\u00f1o, tapa tipo mariposa de r\u00e1pida apertura con un \u00bc de giro y conexiones de rosca de 1 \u00bd\u201d y de \u00f850 mm para pegar ca\u00f1os de PVC.\u00a0<b>Asegura un funcionamiento confiable en condiciones de uso exigente.<\/b><\/p>\n<p>Contamos con una completa l\u00ednea de repuestos oficiales disponibles para la reparaci\u00f3n y mantenimiento de este equipo.<\/p>\n<p><b>Caracter\u00edsticas t\u00e9cnicas<\/b><br \/>\n\u2022 Bomba autocebante para piscinas peque\u00f1as.<br \/>\n\u2022 Motor el\u00e9ctrico Vulcano con\u00a0<b>Servicio 1 (S1):<\/b>\u00a0alta eficiencia y fiabilidad de trabajo continuo.<br \/>\n\u2022 Certificaci\u00f3n el\u00e9ctrica seg\u00fan Resoluci\u00f3n S.C. N\u00ba 169\/18.<br \/>\n\u2022 Protector t\u00e9rmico incorporado.<br \/>\n\u2022 Cuerpo en polipropileno reforzado.<br \/>\n\u2022 Impulsor de Noryl.<br \/>\n\u2022 Grado de protecci\u00f3n IPX4.<br \/>\n\u2022 Garant\u00eda de 1 a\u00f1o.<\/p>\n<p><b>Recomendaciones de instalaci\u00f3n y uso<\/b><br \/>\n\u2022 Instalar la bomba en un lugar ventilado y de f\u00e1cil acceso, dejando espacio suficiente para realizar tareas de limpieza y mantenimiento.<br \/>\n\u2022\u00a0<b>Utilizar junto al filtro VC-100 para piscinas residenciales.<\/b><br \/>\n\u2022 Solicitar los servicios de un electricista matriculado, respetando las normas AEA vigentes para instalaciones el\u00e9ctricas.<br \/>\n\u2022 Realizar las conexiones de la tuber\u00eda de forma herm\u00e9tica, verificando que no exista ingreso de aire al circuito para asegurar el correcto cebado y funcionamiento de la bomba.<\/p>\n","protected":false},"excerpt":{"rendered":"<div class=\"contenedor-tabla\"><b>Tipo de bomba:<\/b>\u00a0autocebante<\/div>\n<div class=\"contenedor-tabla\"><b>Alimentaci\u00f3n:<\/b>\u00a0monof\u00e1sica 220V ~ 50Hz<\/div>\n<div class=\"contenedor-tabla\"><b>Potencia:<\/b>\u00a01.25HP<\/div>\n<div class=\"contenedor-tabla\"><b>Caudal m\u00e1ximo:<\/b>\u00a024.1 m\u00b3\/h<\/div>\n<div class=\"contenedor-tabla\"><b>Altura m\u00e1xima:<\/b>\u00a013 m<\/div>\n<div class=\"contenedor-tabla\"><b>Conexi\u00f3n:<\/b>\u00a0UD con bujes RH 1 1\/2\u2033 y \u00f855<\/div>\n<div>Consulte stock antes de realizar la compra<\/div>\n","protected":false},"featured_media":6141,"comment_status":"open","ping_status":"closed","template":"","meta":{"_eb_attr":""},"product_brand":[],"product_cat":[59,55],"product_tag":[112],"class_list":{"0":"post-6140","1":"product","2":"type-product","3":"status-publish","4":"has-post-thumbnail","6":"product_cat-bombas-autocebante","7":"product_cat-piscina","8":"product_tag-vulcano","10":"first","11":"instock","12":"shipping-taxable","13":"purchasable","14":"product-type-simple"},"_links":{"self":[{"href":"https:\/\/tusta.com.ar\/index.php\/wp-json\/wp\/v2\/product\/6140","targetHints":{"allow":["GET"]}}],"collection":[{"href":"https:\/\/tusta.com.ar\/index.php\/wp-json\/wp\/v2\/product"}],"about":[{"href":"https:\/\/tusta.com.ar\/index.php\/wp-json\/wp\/v2\/types\/product"}],"replies":[{"embeddable":true,"href":"https:\/\/tusta.com.ar\/index.php\/wp-json\/wp\/v2\/comments?post=6140"}],"version-history":[{"count":2,"href":"https:\/\/tusta.com.ar\/index.php\/wp-json\/wp\/v2\/product\/6140\/revisions"}],"predecessor-version":[{"id":6211,"href":"https:\/\/tusta.com.ar\/index.php\/wp-json\/wp\/v2\/product\/6140\/revisions\/6211"}],"wp:featuredmedia":[{"embeddable":true,"href":"https:\/\/tusta.com.ar\/index.php\/wp-json\/wp\/v2\/media\/6141"}],"wp:attachment":[{"href":"https:\/\/tusta.com.ar\/index.php\/wp-json\/wp\/v2\/media?parent=6140"}],"wp:term":[{"taxonomy":"product_brand","embeddable":true,"href":"https:\/\/tusta.com.ar\/index.php\/wp-json\/wp\/v2\/product_brand?post=6140"},{"taxonomy":"product_cat","embeddable":true,"href":"https:\/\/tusta.com.ar\/index.php\/wp-json\/wp\/v2\/product_cat?post=6140"},{"taxonomy":"product_tag","embeddable":true,"href":"https:\/\/tusta.com.ar\/index.php\/wp-json\/wp\/v2\/product_tag?post=6140"}],"curies":[{"name":"wp","href":"https:\/\/api.w.org\/{rel}","templated":true}]}}