{"id":6147,"date":"2026-04-08T16:04:01","date_gmt":"2026-04-08T19:04:01","guid":{"rendered":"https:\/\/tusta.com.ar\/?post_type=product&#038;p=6147"},"modified":"2026-04-09T16:01:20","modified_gmt":"2026-04-09T19:01:20","slug":"bomba-para-piscina-bac-300-2-70hp-220v-monofasica","status":"publish","type":"product","link":"https:\/\/tusta.com.ar\/index.php\/producto\/bomba-para-piscina-bac-300-2-70hp-220v-monofasica\/","title":{"rendered":"Bomba para piscina BAC 300 \u2013 2.70HP 220V monof\u00e1sica"},"content":{"rendered":"<p>La bomba para piscina BAC 300 Vulcano est\u00e1 dise\u00f1ada especialmente para proyectos de gran envergadura que necesitan\u00a0<b>mayor caudal de recirculaci\u00f3n.<\/b>\u00a0Ideal para mover grandes vol\u00famenes de agua en natatorios p\u00fablicos y privados, y su dise\u00f1o reforzado responde a las m\u00e1s altas exigencias.<\/p>\n<p>Una soluci\u00f3n pensada para quienes necesitan mayor potencia sin resignar eficiencia y durabilidad. Cuenta con pre-filtro incorporado y canasto atrapa hojas de gran tama\u00f1o, tapa tipo mariposa de r\u00e1pida apertura con un \u00bc de giro y conexiones de rosca hembra 2\u2033 para ca\u00f1os de polipropileno.\u00a0<b>Asegura un funcionamiento confiable en condiciones de uso exigente.<\/b><\/p>\n<p>Contamos con una completa l\u00ednea de repuestos oficiales disponibles para la reparaci\u00f3n y mantenimiento de este equipo.<\/p>\n<p><b>Caracter\u00edsticas t\u00e9cnicas<\/b><br \/>\n\u2022 Bomba autocebante para piscinas de gran tama\u00f1o.<br \/>\n\u2022 Motor el\u00e9ctrico Vulcano con Servicio 1 (S1): alta eficiencia y fiabilidad de trabajo continuo.<br \/>\n\u2022 Protector t\u00e9rmico incorporado.<br \/>\n\u2022 Cuerpo en polipropileno reforzado.<br \/>\n\u2022 Impulsor de Noryl.<br \/>\n\u2022 Grado de protecci\u00f3n IPX4.<\/p>\n<p><b>Recomendaciones de instalaci\u00f3n y uso<\/b><br \/>\n\u2022 Instalar la bomba en un lugar ventilado y de f\u00e1cil acceso, dejando espacio suficiente para realizar tareas de limpieza y mantenimiento.<br \/>\n\u2022\u00a0<b>Utilizar junto al filtro VC-250 para piscinas comerciales.<\/b><br \/>\n\u2022 Solicitar los servicios de un electricista matriculado, respetando las normas AEA vigentes para instalaciones el\u00e9ctricas.<br \/>\n\u2022 Realizar las conexiones de la tuber\u00eda de forma herm\u00e9tica, verificando que no exista ingreso de aire al circuito para asegurar el correcto cebado y funcionamiento de la bomba.<\/p>\n","protected":false},"excerpt":{"rendered":"<div class=\"contenedor-tabla\"><b>Tipo de bomba:<\/b>\u00a0autocebante<\/div>\n<p>&nbsp;<\/p>\n<div class=\"contenedor-tabla\"><b>Alimentaci\u00f3n:<\/b>\u00a0monof\u00e1sica 220V ~ 50Hz<\/div>\n<p>&nbsp;<\/p>\n<div class=\"contenedor-tabla\"><b>Potencia:<\/b>\u00a02.70HP<\/div>\n<p>&nbsp;<\/p>\n<div class=\"contenedor-tabla\"><b>Caudal m\u00e1ximo:<\/b>\u00a034 m\u00b3\/h<\/div>\n<p>&nbsp;<\/p>\n<div class=\"contenedor-tabla\"><b>Altura m\u00e1xima:<\/b>\u00a018 m<\/div>\n<p>&nbsp;<\/p>\n<div class=\"contenedor-tabla\"><b>Conexi\u00f3n:<\/b>\u00a0RH 2\u2033<\/div>\n","protected":false},"featured_media":6159,"comment_status":"open","ping_status":"closed","template":"","meta":{"_eb_attr":""},"product_brand":[],"product_cat":[59],"product_tag":[112],"class_list":{"0":"post-6147","1":"product","2":"type-product","3":"status-publish","4":"has-post-thumbnail","6":"product_cat-bombas-autocebante","7":"product_tag-vulcano","9":"first","10":"instock","11":"shipping-taxable","12":"purchasable","13":"product-type-simple"},"_links":{"self":[{"href":"https:\/\/tusta.com.ar\/index.php\/wp-json\/wp\/v2\/product\/6147","targetHints":{"allow":["GET"]}}],"collection":[{"href":"https:\/\/tusta.com.ar\/index.php\/wp-json\/wp\/v2\/product"}],"about":[{"href":"https:\/\/tusta.com.ar\/index.php\/wp-json\/wp\/v2\/types\/product"}],"replies":[{"embeddable":true,"href":"https:\/\/tusta.com.ar\/index.php\/wp-json\/wp\/v2\/comments?post=6147"}],"version-history":[{"count":1,"href":"https:\/\/tusta.com.ar\/index.php\/wp-json\/wp\/v2\/product\/6147\/revisions"}],"predecessor-version":[{"id":6164,"href":"https:\/\/tusta.com.ar\/index.php\/wp-json\/wp\/v2\/product\/6147\/revisions\/6164"}],"wp:featuredmedia":[{"embeddable":true,"href":"https:\/\/tusta.com.ar\/index.php\/wp-json\/wp\/v2\/media\/6159"}],"wp:attachment":[{"href":"https:\/\/tusta.com.ar\/index.php\/wp-json\/wp\/v2\/media?parent=6147"}],"wp:term":[{"taxonomy":"product_brand","embeddable":true,"href":"https:\/\/tusta.com.ar\/index.php\/wp-json\/wp\/v2\/product_brand?post=6147"},{"taxonomy":"product_cat","embeddable":true,"href":"https:\/\/tusta.com.ar\/index.php\/wp-json\/wp\/v2\/product_cat?post=6147"},{"taxonomy":"product_tag","embeddable":true,"href":"https:\/\/tusta.com.ar\/index.php\/wp-json\/wp\/v2\/product_tag?post=6147"}],"curies":[{"name":"wp","href":"https:\/\/api.w.org\/{rel}","templated":true}]}}