{"id":6212,"date":"2026-04-10T11:34:17","date_gmt":"2026-04-10T14:34:17","guid":{"rendered":"https:\/\/tusta.com.ar\/?post_type=product&#038;p=6212"},"modified":"2026-04-10T11:34:17","modified_gmt":"2026-04-10T14:34:17","slug":"multivalvula-cabezal-filtro-vulcano-de-6-vias-2020-piscina","status":"publish","type":"product","link":"https:\/\/tusta.com.ar\/index.php\/producto\/multivalvula-cabezal-filtro-vulcano-de-6-vias-2020-piscina\/","title":{"rendered":"Multivalvula Cabezal Filtro Vulcano De 6 V\u00edas 2020 Piscina"},"content":{"rendered":"<p>Multiv\u00e1lvula 6 v\u00edas MOD.2020 &#8211; 1 \u00bd\u00bb c\/buje. Esta pieza es un repuesto original, directo de f\u00e1brica. El empleo de repuestos ajenos a la marca afecta la calidad y desempe\u00f1o del mismo.<br \/>\nLas piezas est\u00e1n dise\u00f1adas y probadas para brindar seguridad, rendimiento y confiabilidad a nuestros clientes.<\/p>\n<p>Vulcano S.A recomienda el asesoramiento con personal t\u00e9cnico capacitado para el reemplazo de este y otros componentes del equipo.<\/p>\n","protected":false},"excerpt":{"rendered":"<p>Multiv\u00e1lvula 6 v\u00edas MOD.2020 &#8211; 1 \u00bd\u00bb c\/buje. Esta pieza es un repuesto original, directo de f\u00e1brica. El empleo de repuestos ajenos a la marca afecta la calidad y desempe\u00f1o del mismo. Las piezas est\u00e1n dise\u00f1adas y probadas para brindar seguridad, rendimiento y confiabilidad a nuestros clientes. Vulcano S.A recomienda el asesoramiento con personal t\u00e9cnico capacitado para el reemplazo de este y otros componentes del equipo.<\/p>\n","protected":false},"featured_media":6213,"comment_status":"open","ping_status":"closed","template":"","meta":{"_eb_attr":""},"product_brand":[],"product_cat":[355],"product_tag":[112],"class_list":{"0":"post-6212","1":"product","2":"type-product","3":"status-publish","4":"has-post-thumbnail","6":"product_cat-repuestos-filtros","7":"product_tag-vulcano","9":"first","10":"instock","11":"shipping-taxable","12":"purchasable","13":"product-type-simple"},"_links":{"self":[{"href":"https:\/\/tusta.com.ar\/index.php\/wp-json\/wp\/v2\/product\/6212","targetHints":{"allow":["GET"]}}],"collection":[{"href":"https:\/\/tusta.com.ar\/index.php\/wp-json\/wp\/v2\/product"}],"about":[{"href":"https:\/\/tusta.com.ar\/index.php\/wp-json\/wp\/v2\/types\/product"}],"replies":[{"embeddable":true,"href":"https:\/\/tusta.com.ar\/index.php\/wp-json\/wp\/v2\/comments?post=6212"}],"version-history":[{"count":1,"href":"https:\/\/tusta.com.ar\/index.php\/wp-json\/wp\/v2\/product\/6212\/revisions"}],"predecessor-version":[{"id":6215,"href":"https:\/\/tusta.com.ar\/index.php\/wp-json\/wp\/v2\/product\/6212\/revisions\/6215"}],"wp:featuredmedia":[{"embeddable":true,"href":"https:\/\/tusta.com.ar\/index.php\/wp-json\/wp\/v2\/media\/6213"}],"wp:attachment":[{"href":"https:\/\/tusta.com.ar\/index.php\/wp-json\/wp\/v2\/media?parent=6212"}],"wp:term":[{"taxonomy":"product_brand","embeddable":true,"href":"https:\/\/tusta.com.ar\/index.php\/wp-json\/wp\/v2\/product_brand?post=6212"},{"taxonomy":"product_cat","embeddable":true,"href":"https:\/\/tusta.com.ar\/index.php\/wp-json\/wp\/v2\/product_cat?post=6212"},{"taxonomy":"product_tag","embeddable":true,"href":"https:\/\/tusta.com.ar\/index.php\/wp-json\/wp\/v2\/product_tag?post=6212"}],"curies":[{"name":"wp","href":"https:\/\/api.w.org\/{rel}","templated":true}]}}