{"id":6361,"date":"2026-05-08T13:46:35","date_gmt":"2026-05-08T16:46:35","guid":{"rendered":"https:\/\/tusta.com.ar\/?post_type=product&#038;p=6361"},"modified":"2026-05-08T17:11:52","modified_gmt":"2026-05-08T20:11:52","slug":"cisterna-waterplast-clasica-vertical-polietileno-1500l","status":"publish","type":"product","link":"https:\/\/tusta.com.ar\/index.php\/producto\/cisterna-waterplast-clasica-vertical-polietileno-1500l\/","title":{"rendered":"Cisterna Waterplast Cl\u00e1sica Vertical Polietileno 1500l"},"content":{"rendered":"<p>CISTERNA WATERPLAST MODELO CL\u00c1SICO 1500L Dise\u00f1ada para ser instalada bajo suelo, se destaca por su medida y por sus 4 anillos reforzados que le aportan mayor resistencia y solidez. Posee la mejor relaci\u00f3n precio-calidad del mercado. Dise\u00f1adas para almacenamiento de agua bajo suelo, se destacan por su resistencia y funcionalidad. Confeccionadas con materia prima virgen en una sola pieza y con capacidades desde 400 hasta 2.000 litros, te permiten tener una reserva de agua de calidad en todo momento. Las cisternas Waterplast est\u00e1n dise\u00f1adas para ser instaladas bajo tierra y teniendo en cuenta ciertas consideraciones. Es necesario liberar el suelo de piedras y objetos filosos, como as\u00ed tambi\u00e9n realizar el relleno en capas compactadas para asegurar el buen funcionamiento y vida \u00fatil de la cisterna. Si el suelo lo requiere, se recomienda agregar 1 parte de cemento cada 5 de tierra al momento de compactar. Calidad y eficiencia Al ser de polietileno, su estructura protege al contenido de la exposici\u00f3n a los rayos ultravioletas. Adem\u00e1s, este material impide que las caracter\u00edsticas f\u00edsicas y qu\u00edmicas del agua se vean alteradas, manteniendo su pureza.<\/p>\n","protected":false},"excerpt":{"rendered":"<p>CISTERNA WATERPLAST MODELO CL\u00c1SICO 1500L Dise\u00f1ada para ser instalada bajo suelo, se destaca por su medida y por sus 4 anillos reforzados que le aportan mayor resistencia y solidez. Posee la mejor relaci\u00f3n precio-calidad del mercado. Dise\u00f1adas para almacenamiento de agua bajo suelo, se destacan por su resistencia y funcionalidad. Confeccionadas con materia prima virgen en una sola pieza y con capacidades desde 400 hasta 2.000 litros, te permiten tener una reserva de agua de calidad en todo momento. Las cisternas Waterplast est\u00e1n dise\u00f1adas para ser instaladas bajo tierra y teniendo en cuenta ciertas consideraciones. Es necesario liberar el suelo de piedras y objetos filosos, como as\u00ed tambi\u00e9n realizar el relleno en capas compactadas para asegurar el buen funcionamiento y vida \u00fatil de la cisterna. Si el suelo lo requiere, se recomienda agregar 1 parte de cemento cada 5 de tierra al momento de compactar. Calidad y eficiencia Al ser de polietileno, su estructura protege al contenido de la exposici\u00f3n a los rayos ultravioletas. Adem\u00e1s, este material impide que las caracter\u00edsticas f\u00edsicas y qu\u00edmicas del agua se vean alteradas, manteniendo su pureza.<\/p>\n","protected":false},"featured_media":6362,"comment_status":"open","ping_status":"closed","template":"","meta":{"_eb_attr":""},"product_brand":[],"product_cat":[15],"product_tag":[],"class_list":{"0":"post-6361","1":"product","2":"type-product","3":"status-publish","4":"has-post-thumbnail","6":"product_cat-sin-categorizar","8":"first","9":"instock","10":"shipping-taxable","11":"purchasable","12":"product-type-simple"},"_links":{"self":[{"href":"https:\/\/tusta.com.ar\/index.php\/wp-json\/wp\/v2\/product\/6361","targetHints":{"allow":["GET"]}}],"collection":[{"href":"https:\/\/tusta.com.ar\/index.php\/wp-json\/wp\/v2\/product"}],"about":[{"href":"https:\/\/tusta.com.ar\/index.php\/wp-json\/wp\/v2\/types\/product"}],"replies":[{"embeddable":true,"href":"https:\/\/tusta.com.ar\/index.php\/wp-json\/wp\/v2\/comments?post=6361"}],"version-history":[{"count":1,"href":"https:\/\/tusta.com.ar\/index.php\/wp-json\/wp\/v2\/product\/6361\/revisions"}],"predecessor-version":[{"id":6363,"href":"https:\/\/tusta.com.ar\/index.php\/wp-json\/wp\/v2\/product\/6361\/revisions\/6363"}],"wp:featuredmedia":[{"embeddable":true,"href":"https:\/\/tusta.com.ar\/index.php\/wp-json\/wp\/v2\/media\/6362"}],"wp:attachment":[{"href":"https:\/\/tusta.com.ar\/index.php\/wp-json\/wp\/v2\/media?parent=6361"}],"wp:term":[{"taxonomy":"product_brand","embeddable":true,"href":"https:\/\/tusta.com.ar\/index.php\/wp-json\/wp\/v2\/product_brand?post=6361"},{"taxonomy":"product_cat","embeddable":true,"href":"https:\/\/tusta.com.ar\/index.php\/wp-json\/wp\/v2\/product_cat?post=6361"},{"taxonomy":"product_tag","embeddable":true,"href":"https:\/\/tusta.com.ar\/index.php\/wp-json\/wp\/v2\/product_tag?post=6361"}],"curies":[{"name":"wp","href":"https:\/\/api.w.org\/{rel}","templated":true}]}}