{"id":6367,"date":"2026-05-08T13:57:21","date_gmt":"2026-05-08T16:57:21","guid":{"rendered":"https:\/\/tusta.com.ar\/?post_type=product&#038;p=6367"},"modified":"2026-05-08T17:11:39","modified_gmt":"2026-05-08T20:11:39","slug":"tanque-de-agua-eternit-cisterna-bicapa-vertical-polietileno","status":"publish","type":"product","link":"https:\/\/tusta.com.ar\/index.php\/producto\/tanque-de-agua-eternit-cisterna-bicapa-vertical-polietileno\/","title":{"rendered":"Tanque de agua Eternit Est\u00e1ndar bicapa vertical polietileno 750L negro"},"content":{"rendered":"<p>El Tanque de Agua Eternit Cisterna Bicapa Vertical es la soluci\u00f3n ideal para el almacenamiento de agua potable y uso dom\u00e9stico. Con una capacidad de 850 litros, este tanque est\u00e1 dise\u00f1ado para satisfacer las necesidades de hogares y peque\u00f1as comunidades, garantizando un suministro constante y seguro de agua.<\/p>\n<p>Fabricado en polietileno de alta calidad, su estructura de dos capas proporciona una mayor resistencia y durabilidad, asegurando que el agua se mantenga en condiciones \u00f3ptimas. Su color negro no solo le otorga un aspecto elegante, sino que tambi\u00e9n ayuda a reducir la proliferaci\u00f3n de algas, manteniendo el agua m\u00e1s limpia.<\/p>\n<p>Este modelo vertical es apto para exteriores, lo que lo convierte en una opci\u00f3n vers\u00e1til para cualquier espacio. Con dimensiones compactas, su embalaje adicional asegura que llegue en perfectas condiciones, facilitando su transporte y colocaci\u00f3n.<\/p>\n<p>El Tanque de Agua Eternit es una inversi\u00f3n inteligente para quienes buscan una soluci\u00f3n confiable y eficiente para el almacenamiento de agua. Su dise\u00f1o funcional y robusto lo convierte en una opci\u00f3n preferida para quienes valoran la calidad y la durabilidad en sus productos.<\/p>\n","protected":false},"excerpt":{"rendered":"<p>El Tanque de Agua Eternit Cisterna Bicapa Vertical es la soluci\u00f3n ideal para el almacenamiento de agua potable y uso dom\u00e9stico. Con una capacidad de 850 litros, este tanque est\u00e1 dise\u00f1ado para satisfacer las necesidades de hogares y peque\u00f1as comunidades, garantizando un suministro constante y seguro de agua. Fabricado en polietileno de alta calidad, su estructura de dos capas proporciona una mayor resistencia y durabilidad, asegurando que el agua se mantenga en condiciones \u00f3ptimas. Su color negro no solo le otorga un aspecto elegante, sino que tambi\u00e9n ayuda a reducir la proliferaci\u00f3n de algas, manteniendo el agua m\u00e1s limpia. Este modelo vertical es apto para exteriores, lo que lo convierte en una opci\u00f3n vers\u00e1til para cualquier espacio. Con dimensiones compactas, su embalaje adicional asegura que llegue en perfectas condiciones, facilitando su transporte y colocaci\u00f3n. El Tanque de Agua Eternit es una inversi\u00f3n inteligente para quienes buscan una soluci\u00f3n confiable y eficiente para el almacenamiento de agua. Su dise\u00f1o funcional y robusto lo convierte en una opci\u00f3n preferida para quienes valoran la calidad y la durabilidad en sus productos.<\/p>\n","protected":false},"featured_media":6371,"comment_status":"open","ping_status":"closed","template":"","meta":{"_eb_attr":""},"product_brand":[],"product_cat":[15],"product_tag":[],"class_list":{"0":"post-6367","1":"product","2":"type-product","3":"status-publish","4":"has-post-thumbnail","6":"product_cat-sin-categorizar","8":"first","9":"instock","10":"shipping-taxable","11":"purchasable","12":"product-type-simple"},"_links":{"self":[{"href":"https:\/\/tusta.com.ar\/index.php\/wp-json\/wp\/v2\/product\/6367","targetHints":{"allow":["GET"]}}],"collection":[{"href":"https:\/\/tusta.com.ar\/index.php\/wp-json\/wp\/v2\/product"}],"about":[{"href":"https:\/\/tusta.com.ar\/index.php\/wp-json\/wp\/v2\/types\/product"}],"replies":[{"embeddable":true,"href":"https:\/\/tusta.com.ar\/index.php\/wp-json\/wp\/v2\/comments?post=6367"}],"version-history":[{"count":2,"href":"https:\/\/tusta.com.ar\/index.php\/wp-json\/wp\/v2\/product\/6367\/revisions"}],"predecessor-version":[{"id":6372,"href":"https:\/\/tusta.com.ar\/index.php\/wp-json\/wp\/v2\/product\/6367\/revisions\/6372"}],"wp:featuredmedia":[{"embeddable":true,"href":"https:\/\/tusta.com.ar\/index.php\/wp-json\/wp\/v2\/media\/6371"}],"wp:attachment":[{"href":"https:\/\/tusta.com.ar\/index.php\/wp-json\/wp\/v2\/media?parent=6367"}],"wp:term":[{"taxonomy":"product_brand","embeddable":true,"href":"https:\/\/tusta.com.ar\/index.php\/wp-json\/wp\/v2\/product_brand?post=6367"},{"taxonomy":"product_cat","embeddable":true,"href":"https:\/\/tusta.com.ar\/index.php\/wp-json\/wp\/v2\/product_cat?post=6367"},{"taxonomy":"product_tag","embeddable":true,"href":"https:\/\/tusta.com.ar\/index.php\/wp-json\/wp\/v2\/product_tag?post=6367"}],"curies":[{"name":"wp","href":"https:\/\/api.w.org\/{rel}","templated":true}]}}