{"id":681,"date":"2024-04-03T16:26:43","date_gmt":"2024-04-03T14:26:43","guid":{"rendered":"https:\/\/tusta.com.ar\/?post_type=product&#038;p=681"},"modified":"2026-04-08T18:01:19","modified_gmt":"2026-04-08T21:01:19","slug":"bomba-de-calor-pool-inverter-50-vulcano","status":"publish","type":"product","link":"https:\/\/tusta.com.ar\/index.php\/producto\/bomba-de-calor-pool-inverter-50-vulcano\/","title":{"rendered":"Bomba de calor Pool Inverter Plus 30 Vulcano"},"content":{"rendered":"<p>Alimentaci\u00f3n: monof\u00e1sica 230V \/ 50 Hz<br \/>\nVolumen de Piscina: hasta 35.000 L<br \/>\nTecnolog\u00eda: INVERTER<br \/>\nCapacidad de calentamiento: 8.0 kW<\/p>\n<p>&nbsp;<\/p>\n","protected":false},"excerpt":{"rendered":"<p><strong>Este producto se trae a pedido sujeto a disponibilidad del fabricante. Consulte stock antes de realizar la compra.<\/strong><\/p>\n<p>La Bomba de calor POOL-INVERTER 30 PLUS es una soluci\u00f3n eficiente y silenciosa para climatizar tu piscina de hasta 35.000 litros. Ayuda a elevar la temperatura del agua hasta 40\u00b0 y extender la temporada de uso, ya sea antes o despu\u00e9s del verano.<\/p>\n<p>Cuenta con conexi\u00f3n Wi-Fi que permite que manejes tu POOL-INVERTER PLUS desde donde quieras, para dejar lista tu piscina cuando desees usarla. Permite controlar la temperatura, encender o apagar el equipo y ajustar sus funciones desde el celular a trav\u00e9s de una app.<\/p>\n<p>Funciona captando calor del ambiente para transferirla al agua, elevando su temperatura de manera progresiva y constante.<\/p>\n<p>Su tecnolog\u00eda Inverter regula autom\u00e1ticamente la velocidad del compresor, optimizando el rendimiento y ahorrando hasta un 60% el consumo el\u00e9ctrico frente a sistemas tradicionales. Adem\u00e1s, su dise\u00f1o ac\u00fastico permite un funcionamiento ultra silencioso, hasta 10 veces m\u00e1s silenciosa que una bomba de calor convencional.<\/p>\n<p>Est\u00e1 equipada con un intercambiador de calor de titanio espiralado, que mejora en un 30% la transferencia t\u00e9rmica, y cuenta con modos de funcionamiento Smart y Silencioso para adaptarse al uso diario. Incluye control digital y sistema de descongelamiento autom\u00e1tico.<\/p>\n<p>Apta para exteriores (IPX4), utiliza gas refrigerante R32, m\u00e1s eficiente y menos agresivo para el ambiente.<br \/>\nGarant\u00eda: 2 a\u00f1os para el equipo completo y 5 a\u00f1os para el intercambiador de calor.<\/p>\n","protected":false},"featured_media":3986,"comment_status":"open","ping_status":"closed","template":"","meta":{"_eb_attr":""},"product_brand":[],"product_cat":[39,40],"product_tag":[112],"class_list":{"0":"post-681","1":"product","2":"type-product","3":"status-publish","4":"has-post-thumbnail","6":"product_cat-climatizador-de-piscina","7":"product_cat-por-bomba","8":"product_tag-vulcano","10":"first","11":"instock","12":"shipping-taxable","13":"purchasable","14":"product-type-simple"},"_links":{"self":[{"href":"https:\/\/tusta.com.ar\/index.php\/wp-json\/wp\/v2\/product\/681","targetHints":{"allow":["GET"]}}],"collection":[{"href":"https:\/\/tusta.com.ar\/index.php\/wp-json\/wp\/v2\/product"}],"about":[{"href":"https:\/\/tusta.com.ar\/index.php\/wp-json\/wp\/v2\/types\/product"}],"replies":[{"embeddable":true,"href":"https:\/\/tusta.com.ar\/index.php\/wp-json\/wp\/v2\/comments?post=681"}],"version-history":[{"count":5,"href":"https:\/\/tusta.com.ar\/index.php\/wp-json\/wp\/v2\/product\/681\/revisions"}],"predecessor-version":[{"id":5858,"href":"https:\/\/tusta.com.ar\/index.php\/wp-json\/wp\/v2\/product\/681\/revisions\/5858"}],"wp:featuredmedia":[{"embeddable":true,"href":"https:\/\/tusta.com.ar\/index.php\/wp-json\/wp\/v2\/media\/3986"}],"wp:attachment":[{"href":"https:\/\/tusta.com.ar\/index.php\/wp-json\/wp\/v2\/media?parent=681"}],"wp:term":[{"taxonomy":"product_brand","embeddable":true,"href":"https:\/\/tusta.com.ar\/index.php\/wp-json\/wp\/v2\/product_brand?post=681"},{"taxonomy":"product_cat","embeddable":true,"href":"https:\/\/tusta.com.ar\/index.php\/wp-json\/wp\/v2\/product_cat?post=681"},{"taxonomy":"product_tag","embeddable":true,"href":"https:\/\/tusta.com.ar\/index.php\/wp-json\/wp\/v2\/product_tag?post=681"}],"curies":[{"name":"wp","href":"https:\/\/api.w.org\/{rel}","templated":true}]}}