{"id":709,"date":"2024-04-03T16:27:28","date_gmt":"2024-04-03T14:27:28","guid":{"rendered":"https:\/\/tusta.com.ar\/?post_type=product&#038;p=709"},"modified":"2026-03-19T18:39:58","modified_gmt":"2026-03-19T21:39:58","slug":"extractor-tst-para-banos-cp-6","status":"publish","type":"product","link":"https:\/\/tusta.com.ar\/index.php\/producto\/extractor-tst-para-banos-cp-6\/","title":{"rendered":"Extractor TST para Ba\u00f1os CP 6&#8243;"},"content":{"rendered":"<p>Medidas:<\/p>\n<ul>\n<li>Ancho de frente 188 mm<\/li>\n<li>Altura de frente 188 mm<\/li>\n<li>Profundidad: 122 mm<\/li>\n<li>Consulte stock antes de realizar la compra<\/li>\n<\/ul>\n","protected":false},"excerpt":{"rendered":"<ul>\n<li>Di\u00e1metro del tubo de conexi\u00f3n: 6&#8243;.<\/li>\n<li>Carcasa pl\u00e1stica: abs.<\/li>\n<li>\u00c1reas de aplicaci\u00f3n: ba\u00f1os, placards, toilettes.<\/li>\n<li>Uso familiar.<\/li>\n<li>Motor monofasico: 2800 rpm.<\/li>\n<li>Potencia: 33 w.<\/li>\n<li>Caudal: 190 m3\/h.<\/li>\n<\/ul>\n","protected":false},"featured_media":765,"comment_status":"open","ping_status":"closed","template":"","meta":{"_eb_attr":""},"product_brand":[],"product_cat":[44,43],"product_tag":[94],"class_list":{"0":"post-709","1":"product","2":"type-product","3":"status-publish","4":"has-post-thumbnail","6":"product_cat-domesticos-extractores","7":"product_cat-extractores","8":"product_tag-tst","10":"first","11":"instock","12":"shipping-taxable","13":"purchasable","14":"product-type-simple"},"_links":{"self":[{"href":"https:\/\/tusta.com.ar\/index.php\/wp-json\/wp\/v2\/product\/709","targetHints":{"allow":["GET"]}}],"collection":[{"href":"https:\/\/tusta.com.ar\/index.php\/wp-json\/wp\/v2\/product"}],"about":[{"href":"https:\/\/tusta.com.ar\/index.php\/wp-json\/wp\/v2\/types\/product"}],"replies":[{"embeddable":true,"href":"https:\/\/tusta.com.ar\/index.php\/wp-json\/wp\/v2\/comments?post=709"}],"version-history":[{"count":5,"href":"https:\/\/tusta.com.ar\/index.php\/wp-json\/wp\/v2\/product\/709\/revisions"}],"predecessor-version":[{"id":5748,"href":"https:\/\/tusta.com.ar\/index.php\/wp-json\/wp\/v2\/product\/709\/revisions\/5748"}],"wp:featuredmedia":[{"embeddable":true,"href":"https:\/\/tusta.com.ar\/index.php\/wp-json\/wp\/v2\/media\/765"}],"wp:attachment":[{"href":"https:\/\/tusta.com.ar\/index.php\/wp-json\/wp\/v2\/media?parent=709"}],"wp:term":[{"taxonomy":"product_brand","embeddable":true,"href":"https:\/\/tusta.com.ar\/index.php\/wp-json\/wp\/v2\/product_brand?post=709"},{"taxonomy":"product_cat","embeddable":true,"href":"https:\/\/tusta.com.ar\/index.php\/wp-json\/wp\/v2\/product_cat?post=709"},{"taxonomy":"product_tag","embeddable":true,"href":"https:\/\/tusta.com.ar\/index.php\/wp-json\/wp\/v2\/product_tag?post=709"}],"curies":[{"name":"wp","href":"https:\/\/api.w.org\/{rel}","templated":true}]}}