{"id":787,"date":"2024-04-03T16:31:00","date_gmt":"2024-04-03T14:31:00","guid":{"rendered":"https:\/\/tusta.com.ar\/?post_type=product&#038;p=787"},"modified":"2026-01-13T10:15:43","modified_gmt":"2026-01-13T13:15:43","slug":"carga-filtrante-vc-30-grava","status":"publish","type":"product","link":"https:\/\/tusta.com.ar\/index.php\/producto\/carga-filtrante-vc-30-grava\/","title":{"rendered":"Carga Filtrante VC 30 Grava"},"content":{"rendered":"<ul>\n<li>Conjunto de material filtrante \u00f3ptimo para filtro VC-30, compuesto por 40 kg de grava N12.<\/li>\n<li>Presentaci\u00f3n por bolsas: 2 grava (20 kg).<\/li>\n<li>Retiene part\u00edculas de hasta 50 micrones aproximadamente.<\/li>\n<\/ul>\n","protected":false},"excerpt":{"rendered":"<p>Conjunto de material filtrante \u00f3ptimo para filtro VC-30, compuesto por 40 kg de grava N12. Presentaci\u00f3n por bolsas: 2 grava (20 kg). Retiene part\u00edculas de hasta 50 micrones aproximadamente.<\/p>\n","protected":false},"featured_media":842,"comment_status":"open","ping_status":"closed","template":"","meta":{"_eb_attr":""},"product_brand":[],"product_cat":[57,55],"product_tag":[],"class_list":{"0":"post-787","1":"product","2":"type-product","3":"status-publish","4":"has-post-thumbnail","6":"product_cat-carga-filtrante","7":"product_cat-piscina","9":"first","10":"instock","11":"sold-individually","12":"shipping-taxable","13":"purchasable","14":"product-type-simple"},"_links":{"self":[{"href":"https:\/\/tusta.com.ar\/index.php\/wp-json\/wp\/v2\/product\/787","targetHints":{"allow":["GET"]}}],"collection":[{"href":"https:\/\/tusta.com.ar\/index.php\/wp-json\/wp\/v2\/product"}],"about":[{"href":"https:\/\/tusta.com.ar\/index.php\/wp-json\/wp\/v2\/types\/product"}],"replies":[{"embeddable":true,"href":"https:\/\/tusta.com.ar\/index.php\/wp-json\/wp\/v2\/comments?post=787"}],"version-history":[{"count":2,"href":"https:\/\/tusta.com.ar\/index.php\/wp-json\/wp\/v2\/product\/787\/revisions"}],"predecessor-version":[{"id":3870,"href":"https:\/\/tusta.com.ar\/index.php\/wp-json\/wp\/v2\/product\/787\/revisions\/3870"}],"wp:featuredmedia":[{"embeddable":true,"href":"https:\/\/tusta.com.ar\/index.php\/wp-json\/wp\/v2\/media\/842"}],"wp:attachment":[{"href":"https:\/\/tusta.com.ar\/index.php\/wp-json\/wp\/v2\/media?parent=787"}],"wp:term":[{"taxonomy":"product_brand","embeddable":true,"href":"https:\/\/tusta.com.ar\/index.php\/wp-json\/wp\/v2\/product_brand?post=787"},{"taxonomy":"product_cat","embeddable":true,"href":"https:\/\/tusta.com.ar\/index.php\/wp-json\/wp\/v2\/product_cat?post=787"},{"taxonomy":"product_tag","embeddable":true,"href":"https:\/\/tusta.com.ar\/index.php\/wp-json\/wp\/v2\/product_tag?post=787"}],"curies":[{"name":"wp","href":"https:\/\/api.w.org\/{rel}","templated":true}]}}