{"id":807,"date":"2024-04-03T16:31:46","date_gmt":"2024-04-03T14:31:46","guid":{"rendered":"https:\/\/tusta.com.ar\/?post_type=product&#038;p=807"},"modified":"2025-12-31T14:46:47","modified_gmt":"2025-12-31T17:46:47","slug":"mango-telescopico-liso-36-m-vulcano","status":"publish","type":"product","link":"https:\/\/tusta.com.ar\/index.php\/producto\/mango-telescopico-liso-36-m-vulcano\/","title":{"rendered":"Mango Telesc\u00f3pico Liso 3,6 m Vulcano"},"content":{"rendered":"<ul>\n<li>Mango telesc\u00f3pico de aluminio anodizado liso.<\/li>\n<li>Indicado para acoplarse en sacahojas de 32 mm, barrefondos y cepillos.<\/li>\n<li>Apropiado para piscinas con profundidad m\u00e1xima de 1,5 mts y ancho no mayor a 3 mts.<\/li>\n<li>Excelente resistencia mec\u00e1nica.<\/li>\n<li>Posee un sistema telesc\u00f3pico de gran resistencia y efectividad.<\/li>\n<li>Regulaci\u00f3n simple debido al sistema de tuerca y boquilla.<\/li>\n<\/ul>\n","protected":false},"excerpt":{"rendered":"<p>Mango telesc\u00f3pico de aluminio anodizado liso. Indicado para acoplarse en sacahojas de 32 mm, barrefondos y cepillos. Apropiado para piscinas con profundidad m\u00e1xima de 1,5 mts y ancho no mayor a 3 mts. Excelente resistencia mec\u00e1nica. Posee un sistema telesc\u00f3pico de gran resistencia y efectividad. Regulaci\u00f3n simple debido al sistema de tuerca y boquilla.<\/p>\n","protected":false},"featured_media":862,"comment_status":"open","ping_status":"closed","template":"","meta":{"_eb_attr":""},"product_brand":[],"product_cat":[58,55],"product_tag":[112],"class_list":{"0":"post-807","1":"product","2":"type-product","3":"status-publish","4":"has-post-thumbnail","6":"product_cat-mangos","7":"product_cat-piscina","8":"product_tag-vulcano","10":"first","11":"instock","12":"shipping-taxable","13":"product-type-simple"},"_links":{"self":[{"href":"https:\/\/tusta.com.ar\/index.php\/wp-json\/wp\/v2\/product\/807","targetHints":{"allow":["GET"]}}],"collection":[{"href":"https:\/\/tusta.com.ar\/index.php\/wp-json\/wp\/v2\/product"}],"about":[{"href":"https:\/\/tusta.com.ar\/index.php\/wp-json\/wp\/v2\/types\/product"}],"replies":[{"embeddable":true,"href":"https:\/\/tusta.com.ar\/index.php\/wp-json\/wp\/v2\/comments?post=807"}],"version-history":[{"count":2,"href":"https:\/\/tusta.com.ar\/index.php\/wp-json\/wp\/v2\/product\/807\/revisions"}],"predecessor-version":[{"id":3078,"href":"https:\/\/tusta.com.ar\/index.php\/wp-json\/wp\/v2\/product\/807\/revisions\/3078"}],"wp:featuredmedia":[{"embeddable":true,"href":"https:\/\/tusta.com.ar\/index.php\/wp-json\/wp\/v2\/media\/862"}],"wp:attachment":[{"href":"https:\/\/tusta.com.ar\/index.php\/wp-json\/wp\/v2\/media?parent=807"}],"wp:term":[{"taxonomy":"product_brand","embeddable":true,"href":"https:\/\/tusta.com.ar\/index.php\/wp-json\/wp\/v2\/product_brand?post=807"},{"taxonomy":"product_cat","embeddable":true,"href":"https:\/\/tusta.com.ar\/index.php\/wp-json\/wp\/v2\/product_cat?post=807"},{"taxonomy":"product_tag","embeddable":true,"href":"https:\/\/tusta.com.ar\/index.php\/wp-json\/wp\/v2\/product_tag?post=807"}],"curies":[{"name":"wp","href":"https:\/\/api.w.org\/{rel}","templated":true}]}}