{"id":834,"date":"2024-04-03T16:32:58","date_gmt":"2024-04-03T14:32:58","guid":{"rendered":"https:\/\/tusta.com.ar\/?post_type=product&#038;p=834"},"modified":"2026-01-03T10:40:44","modified_gmt":"2026-01-03T13:40:44","slug":"manguera-flotante-bicolor-1-1-2-x-10-metros-vulcano","status":"publish","type":"product","link":"https:\/\/tusta.com.ar\/index.php\/producto\/manguera-flotante-bicolor-1-1-2-x-10-metros-vulcano\/","title":{"rendered":"Manguera Flotante bicolor 1 1\/2 \u00bb x 10 metros Vulcano"},"content":{"rendered":"<ul>\n<li>Aplicaci\u00f3n en succi\u00f3n de barrefondo y en canales de desag\u00fces.<\/li>\n<li>Adecuada para piscinas domesticas.<\/li>\n<li>Excelente flexibilidad.<\/li>\n<li>Se presenta en rollos de 30 mts.<\/li>\n<li>Fabricadas con material virgen, garantiza una excelente vida \u00fatil.<\/li>\n<li>Gran resistencia a la abrasi\u00f3n.<\/li>\n<\/ul>\n","protected":false},"excerpt":{"rendered":"<p>Aplicaci\u00f3n en succi\u00f3n de barrefondo y en canales de desag\u00fces. Adecuada para piscinas domesticas. Excelente flexibilidad. Se presenta en rollos de 30 mts. Fabricadas con material virgen, garantiza una excelente vida \u00fatil. Gran resistencia a la abrasi\u00f3n.<\/p>\n","protected":false},"featured_media":884,"comment_status":"open","ping_status":"closed","template":"","meta":{"_eb_attr":""},"product_brand":[],"product_cat":[60,55],"product_tag":[112],"class_list":{"0":"post-834","1":"product","2":"type-product","3":"status-publish","4":"has-post-thumbnail","6":"product_cat-mangueras","7":"product_cat-piscina","8":"product_tag-vulcano","10":"first","11":"instock","12":"shipping-taxable","13":"purchasable","14":"product-type-simple"},"_links":{"self":[{"href":"https:\/\/tusta.com.ar\/index.php\/wp-json\/wp\/v2\/product\/834","targetHints":{"allow":["GET"]}}],"collection":[{"href":"https:\/\/tusta.com.ar\/index.php\/wp-json\/wp\/v2\/product"}],"about":[{"href":"https:\/\/tusta.com.ar\/index.php\/wp-json\/wp\/v2\/types\/product"}],"replies":[{"embeddable":true,"href":"https:\/\/tusta.com.ar\/index.php\/wp-json\/wp\/v2\/comments?post=834"}],"version-history":[{"count":2,"href":"https:\/\/tusta.com.ar\/index.php\/wp-json\/wp\/v2\/product\/834\/revisions"}],"predecessor-version":[{"id":2143,"href":"https:\/\/tusta.com.ar\/index.php\/wp-json\/wp\/v2\/product\/834\/revisions\/2143"}],"wp:featuredmedia":[{"embeddable":true,"href":"https:\/\/tusta.com.ar\/index.php\/wp-json\/wp\/v2\/media\/884"}],"wp:attachment":[{"href":"https:\/\/tusta.com.ar\/index.php\/wp-json\/wp\/v2\/media?parent=834"}],"wp:term":[{"taxonomy":"product_brand","embeddable":true,"href":"https:\/\/tusta.com.ar\/index.php\/wp-json\/wp\/v2\/product_brand?post=834"},{"taxonomy":"product_cat","embeddable":true,"href":"https:\/\/tusta.com.ar\/index.php\/wp-json\/wp\/v2\/product_cat?post=834"},{"taxonomy":"product_tag","embeddable":true,"href":"https:\/\/tusta.com.ar\/index.php\/wp-json\/wp\/v2\/product_tag?post=834"}],"curies":[{"name":"wp","href":"https:\/\/api.w.org\/{rel}","templated":true}]}}