{"id":867,"date":"2024-04-03T16:33:46","date_gmt":"2024-04-03T14:33:46","guid":{"rendered":"https:\/\/tusta.com.ar\/?post_type=product&#038;p=867"},"modified":"2026-03-13T13:48:28","modified_gmt":"2026-03-13T16:48:28","slug":"multivalvula-3-vias-roscar-vulcano","status":"publish","type":"product","link":"https:\/\/tusta.com.ar\/index.php\/producto\/multivalvula-3-vias-roscar-vulcano\/","title":{"rendered":"Multiv\u00e1lvula 3 V\u00edas Roscar Vulcano"},"content":{"rendered":"<ul>\n<li>Multiv\u00e1lvula selectora de 3 v\u00edas, y cuerpo de 1 1\/2&#8243; para roscar.<\/li>\n<li>Fabricadas en materiales de primera calidad.<\/li>\n<li>Simplifica la operatoria del sistema ya que reemplazan varias maniobras por una sola.<\/li>\n<li>Reduce el n\u00famero de piezas a emplear, disminuyendo el costo de instalaci\u00f3n.<\/li>\n<li>Desarmable, lo que permite su reparaci\u00f3n y mantenimiento.<\/li>\n<\/ul>\n","protected":false},"excerpt":{"rendered":"<p>Multiv\u00e1lvula selectora de 3 v\u00edas, y cuerpo de 1 1\/2&#8243; para roscar. Fabricadas en materiales de primera calidad. Simplifica la operatoria del sistema ya que reemplazan varias maniobras por una sola. Reduce el n\u00famero de piezas a emplear, disminuyendo el costo de instalaci\u00f3n. Desarmable, lo que permite su reparaci\u00f3n y mantenimiento.<\/p>\n","protected":false},"featured_media":921,"comment_status":"open","ping_status":"closed","template":"","meta":{"_eb_attr":""},"product_brand":[],"product_cat":[63,55],"product_tag":[112],"class_list":{"0":"post-867","1":"product","2":"type-product","3":"status-publish","4":"has-post-thumbnail","6":"product_cat-multivalvulas","7":"product_cat-piscina","8":"product_tag-vulcano","10":"first","11":"instock","12":"shipping-taxable","13":"purchasable","14":"product-type-simple"},"_links":{"self":[{"href":"https:\/\/tusta.com.ar\/index.php\/wp-json\/wp\/v2\/product\/867","targetHints":{"allow":["GET"]}}],"collection":[{"href":"https:\/\/tusta.com.ar\/index.php\/wp-json\/wp\/v2\/product"}],"about":[{"href":"https:\/\/tusta.com.ar\/index.php\/wp-json\/wp\/v2\/types\/product"}],"replies":[{"embeddable":true,"href":"https:\/\/tusta.com.ar\/index.php\/wp-json\/wp\/v2\/comments?post=867"}],"version-history":[{"count":2,"href":"https:\/\/tusta.com.ar\/index.php\/wp-json\/wp\/v2\/product\/867\/revisions"}],"predecessor-version":[{"id":1767,"href":"https:\/\/tusta.com.ar\/index.php\/wp-json\/wp\/v2\/product\/867\/revisions\/1767"}],"wp:featuredmedia":[{"embeddable":true,"href":"https:\/\/tusta.com.ar\/index.php\/wp-json\/wp\/v2\/media\/921"}],"wp:attachment":[{"href":"https:\/\/tusta.com.ar\/index.php\/wp-json\/wp\/v2\/media?parent=867"}],"wp:term":[{"taxonomy":"product_brand","embeddable":true,"href":"https:\/\/tusta.com.ar\/index.php\/wp-json\/wp\/v2\/product_brand?post=867"},{"taxonomy":"product_cat","embeddable":true,"href":"https:\/\/tusta.com.ar\/index.php\/wp-json\/wp\/v2\/product_cat?post=867"},{"taxonomy":"product_tag","embeddable":true,"href":"https:\/\/tusta.com.ar\/index.php\/wp-json\/wp\/v2\/product_tag?post=867"}],"curies":[{"name":"wp","href":"https:\/\/api.w.org\/{rel}","templated":true}]}}