{"id":881,"date":"2024-04-03T16:34:08","date_gmt":"2024-04-03T14:34:08","guid":{"rendered":"https:\/\/tusta.com.ar\/?post_type=product&#038;p=881"},"modified":"2026-03-12T17:56:45","modified_gmt":"2026-03-12T20:56:45","slug":"limpiafondo-aluminio-ancho-35-cm-vulcano","status":"publish","type":"product","link":"https:\/\/tusta.com.ar\/index.php\/producto\/limpiafondo-aluminio-ancho-35-cm-vulcano\/","title":{"rendered":"Limpiafondo Aluminio ancho 35 cm Vulcano"},"content":{"rendered":"<ul>\n<li>Empleado para la succi\u00f3n de las impurezas depositadas en el fondo de la piscina.<\/li>\n<li>Debe complementarse con el mango y la manguera flotante.<\/li>\n<li>Recomendado para piscinas rectangulares, pensado para uso profesional.<\/li>\n<li>\u00f3ptimo desempe\u00f1o ya que se adapta a las peque\u00f1as irregularidades de las superficie.<\/li>\n<li>Excelente resistencia estructural.<\/li>\n<\/ul>\n","protected":false},"excerpt":{"rendered":"<p>Empleado para la succi\u00f3n de las impurezas depositadas en el fondo de la piscina. Debe complementarse con el mango y la manguera flotante. Recomendado para piscinas rectangulares, pensado para uso profesional. \u00f3ptimo desempe\u00f1o ya que se adapta a las peque\u00f1as irregularidades de las superficie. Excelente resistencia estructural.<\/p>\n","protected":false},"featured_media":935,"comment_status":"open","ping_status":"closed","template":"","meta":{"_eb_attr":""},"product_brand":[],"product_cat":[65,55],"product_tag":[112],"class_list":{"0":"post-881","1":"product","2":"type-product","3":"status-publish","4":"has-post-thumbnail","6":"product_cat-limpiafondos","7":"product_cat-piscina","8":"product_tag-vulcano","10":"first","11":"instock","12":"shipping-taxable","13":"purchasable","14":"product-type-simple"},"_links":{"self":[{"href":"https:\/\/tusta.com.ar\/index.php\/wp-json\/wp\/v2\/product\/881","targetHints":{"allow":["GET"]}}],"collection":[{"href":"https:\/\/tusta.com.ar\/index.php\/wp-json\/wp\/v2\/product"}],"about":[{"href":"https:\/\/tusta.com.ar\/index.php\/wp-json\/wp\/v2\/types\/product"}],"replies":[{"embeddable":true,"href":"https:\/\/tusta.com.ar\/index.php\/wp-json\/wp\/v2\/comments?post=881"}],"version-history":[{"count":2,"href":"https:\/\/tusta.com.ar\/index.php\/wp-json\/wp\/v2\/product\/881\/revisions"}],"predecessor-version":[{"id":3087,"href":"https:\/\/tusta.com.ar\/index.php\/wp-json\/wp\/v2\/product\/881\/revisions\/3087"}],"wp:featuredmedia":[{"embeddable":true,"href":"https:\/\/tusta.com.ar\/index.php\/wp-json\/wp\/v2\/media\/935"}],"wp:attachment":[{"href":"https:\/\/tusta.com.ar\/index.php\/wp-json\/wp\/v2\/media?parent=881"}],"wp:term":[{"taxonomy":"product_brand","embeddable":true,"href":"https:\/\/tusta.com.ar\/index.php\/wp-json\/wp\/v2\/product_brand?post=881"},{"taxonomy":"product_cat","embeddable":true,"href":"https:\/\/tusta.com.ar\/index.php\/wp-json\/wp\/v2\/product_cat?post=881"},{"taxonomy":"product_tag","embeddable":true,"href":"https:\/\/tusta.com.ar\/index.php\/wp-json\/wp\/v2\/product_tag?post=881"}],"curies":[{"name":"wp","href":"https:\/\/api.w.org\/{rel}","templated":true}]}}