{"id":901,"date":"2024-04-03T16:34:55","date_gmt":"2024-04-03T14:34:55","guid":{"rendered":"https:\/\/tusta.com.ar\/?post_type=product&#038;p=901"},"modified":"2026-01-03T10:43:20","modified_gmt":"2026-01-03T13:43:20","slug":"acople-liso-1-1-4-vulcano","status":"publish","type":"product","link":"https:\/\/tusta.com.ar\/index.php\/producto\/acople-liso-1-1-4-vulcano\/","title":{"rendered":"Acople Liso 1 1\/4&#8243; Vulcano"},"content":{"rendered":"<ul>\n<li>Util para realizar las conexiones entre los componentes del sistema de filtrado de piscinas.<\/li>\n<li>Cuenta con rosca macho BSP 1 1\/2&#8243;.<\/li>\n<li>Posee una excelente resistencia mec\u00e1nica, qu\u00edmica y t\u00e9rmica.<\/li>\n<li>Facilita el desarme e ingreso al sistema desde la uni\u00f3n doble que posee.<\/li>\n<\/ul>\n","protected":false},"excerpt":{"rendered":"<p>Util para realizar las conexiones entre los componentes del sistema de filtrado de piscinas. Cuenta con rosca macho BSP 1 1\/2&#8243;. Posee una excelente resistencia mec\u00e1nica, qu\u00edmica y t\u00e9rmica. Facilita el desarme e ingreso al sistema desde la uni\u00f3n doble que posee.<\/p>\n","protected":false},"featured_media":957,"comment_status":"open","ping_status":"closed","template":"","meta":{"_eb_attr":""},"product_brand":[],"product_cat":[67,55],"product_tag":[112],"class_list":{"0":"post-901","1":"product","2":"type-product","3":"status-publish","4":"has-post-thumbnail","6":"product_cat-acoples","7":"product_cat-piscina","8":"product_tag-vulcano","10":"first","11":"instock","12":"shipping-taxable","13":"purchasable","14":"product-type-simple"},"_links":{"self":[{"href":"https:\/\/tusta.com.ar\/index.php\/wp-json\/wp\/v2\/product\/901","targetHints":{"allow":["GET"]}}],"collection":[{"href":"https:\/\/tusta.com.ar\/index.php\/wp-json\/wp\/v2\/product"}],"about":[{"href":"https:\/\/tusta.com.ar\/index.php\/wp-json\/wp\/v2\/types\/product"}],"replies":[{"embeddable":true,"href":"https:\/\/tusta.com.ar\/index.php\/wp-json\/wp\/v2\/comments?post=901"}],"version-history":[{"count":2,"href":"https:\/\/tusta.com.ar\/index.php\/wp-json\/wp\/v2\/product\/901\/revisions"}],"predecessor-version":[{"id":1774,"href":"https:\/\/tusta.com.ar\/index.php\/wp-json\/wp\/v2\/product\/901\/revisions\/1774"}],"wp:featuredmedia":[{"embeddable":true,"href":"https:\/\/tusta.com.ar\/index.php\/wp-json\/wp\/v2\/media\/957"}],"wp:attachment":[{"href":"https:\/\/tusta.com.ar\/index.php\/wp-json\/wp\/v2\/media?parent=901"}],"wp:term":[{"taxonomy":"product_brand","embeddable":true,"href":"https:\/\/tusta.com.ar\/index.php\/wp-json\/wp\/v2\/product_brand?post=901"},{"taxonomy":"product_cat","embeddable":true,"href":"https:\/\/tusta.com.ar\/index.php\/wp-json\/wp\/v2\/product_cat?post=901"},{"taxonomy":"product_tag","embeddable":true,"href":"https:\/\/tusta.com.ar\/index.php\/wp-json\/wp\/v2\/product_tag?post=901"}],"curies":[{"name":"wp","href":"https:\/\/api.w.org\/{rel}","templated":true}]}}