{"id":909,"date":"2024-04-03T16:35:19","date_gmt":"2024-04-03T14:35:19","guid":{"rendered":"https:\/\/tusta.com.ar\/?post_type=product&#038;p=909"},"modified":"2026-01-02T16:25:53","modified_gmt":"2026-01-02T19:25:53","slug":"retorno-aro-desmontable-hormigon-roscar-vulcano","status":"publish","type":"product","link":"https:\/\/tusta.com.ar\/index.php\/producto\/retorno-aro-desmontable-hormigon-roscar-vulcano\/","title":{"rendered":"Retorno Aro Desmontable Hormig\u00f3n Roscar Vulcano"},"content":{"rendered":"<div align=\"center\">\n<div id=\"lodeladerecha\" align=\"left\">\n<div align=\"left\">Retorno orientable para piscinas de hormig\u00f3n, con aro desmontable blanco, cuerpo con rosca hembra de 1 1\/2&#8243;, y boquilla esf\u00e9rica con pico de \u00f8 19mm. Instalados por debajo del nivel de agua, han sido dise\u00f1ados para producir flujo en direcci\u00f3n al skimmer o toma de fondo, y as\u00ed favorecer al filtrado y limpieza de la pileta.<\/div>\n<\/div>\n<\/div>\n","protected":false},"excerpt":{"rendered":"<p>Retorno orientable para piscinas de hormig\u00f3n, con aro desmontable blanco, cuerpo con rosca hembra de 1 1\/2&#8243;, y boquilla esf\u00e9rica con pico de \u00f8 19mm. Instalados por debajo del nivel de agua, han sido dise\u00f1ados para producir flujo en direcci\u00f3n al skimmer o toma de fondo, y as\u00ed favorecer al filtrado y limpieza de la pileta.<\/p>\n","protected":false},"featured_media":959,"comment_status":"open","ping_status":"closed","template":"","meta":{"_eb_attr":""},"product_brand":[],"product_cat":[55,68],"product_tag":[112],"class_list":{"0":"post-909","1":"product","2":"type-product","3":"status-publish","4":"has-post-thumbnail","6":"product_cat-piscina","7":"product_cat-retornos","8":"product_tag-vulcano","10":"first","11":"instock","12":"sold-individually","13":"shipping-taxable","14":"purchasable","15":"product-type-simple"},"_links":{"self":[{"href":"https:\/\/tusta.com.ar\/index.php\/wp-json\/wp\/v2\/product\/909","targetHints":{"allow":["GET"]}}],"collection":[{"href":"https:\/\/tusta.com.ar\/index.php\/wp-json\/wp\/v2\/product"}],"about":[{"href":"https:\/\/tusta.com.ar\/index.php\/wp-json\/wp\/v2\/types\/product"}],"replies":[{"embeddable":true,"href":"https:\/\/tusta.com.ar\/index.php\/wp-json\/wp\/v2\/comments?post=909"}],"version-history":[{"count":1,"href":"https:\/\/tusta.com.ar\/index.php\/wp-json\/wp\/v2\/product\/909\/revisions"}],"predecessor-version":[{"id":2020,"href":"https:\/\/tusta.com.ar\/index.php\/wp-json\/wp\/v2\/product\/909\/revisions\/2020"}],"wp:featuredmedia":[{"embeddable":true,"href":"https:\/\/tusta.com.ar\/index.php\/wp-json\/wp\/v2\/media\/959"}],"wp:attachment":[{"href":"https:\/\/tusta.com.ar\/index.php\/wp-json\/wp\/v2\/media?parent=909"}],"wp:term":[{"taxonomy":"product_brand","embeddable":true,"href":"https:\/\/tusta.com.ar\/index.php\/wp-json\/wp\/v2\/product_brand?post=909"},{"taxonomy":"product_cat","embeddable":true,"href":"https:\/\/tusta.com.ar\/index.php\/wp-json\/wp\/v2\/product_cat?post=909"},{"taxonomy":"product_tag","embeddable":true,"href":"https:\/\/tusta.com.ar\/index.php\/wp-json\/wp\/v2\/product_tag?post=909"}],"curies":[{"name":"wp","href":"https:\/\/api.w.org\/{rel}","templated":true}]}}