{"id":913,"date":"2024-04-03T16:35:19","date_gmt":"2024-04-03T14:35:19","guid":{"rendered":"https:\/\/tusta.com.ar\/?post_type=product&#038;p=913"},"modified":"2026-03-13T14:27:16","modified_gmt":"2026-03-13T17:27:16","slug":"controlador-4-amp-rgb-12-66-vulcano","status":"publish","type":"product","link":"https:\/\/tusta.com.ar\/index.php\/producto\/controlador-4-amp-rgb-12-66-vulcano\/","title":{"rendered":"Controlador 4 AMP RGB 12\/66 Vulcano"},"content":{"rendered":"<div class=\"contenedor-tabla\"><b>Control Remoto:<\/b>\u00a0control RF<\/div>\n<div class=\"contenedor-tabla\"><b>Capacidad:<\/b>\u00a04 AMP<\/div>\n<div class=\"contenedor-tabla\"><b>Entrada:<\/b>\u00a012 VCC<\/div>\n<div class=\"contenedor-tabla\"><b>Salida:<\/b>\u00a012 VCC<\/div>\n","protected":false},"excerpt":{"rendered":"<p>Controlador Vulcano de 4 amp para luminaria RGB con placa de 12 y 66 LEDs. Pensado para manejar las luces instaladas en su piscina desde el controlador o mediante el control remoto (incluido) y realizar las siguientes operaciones: encender\/apagar, elecci\u00f3n del programa, intercambio de colores, regulaci\u00f3n del brillo y variaci\u00f3n de velocidad.<\/p>\n","protected":false},"featured_media":972,"comment_status":"open","ping_status":"closed","template":"","meta":{"_eb_attr":""},"product_brand":[],"product_cat":[69,55],"product_tag":[112],"class_list":{"0":"post-913","1":"product","2":"type-product","3":"status-publish","4":"has-post-thumbnail","6":"product_cat-iluminacion","7":"product_cat-piscina","8":"product_tag-vulcano","10":"first","11":"instock","12":"shipping-taxable","13":"purchasable","14":"product-type-simple"},"_links":{"self":[{"href":"https:\/\/tusta.com.ar\/index.php\/wp-json\/wp\/v2\/product\/913","targetHints":{"allow":["GET"]}}],"collection":[{"href":"https:\/\/tusta.com.ar\/index.php\/wp-json\/wp\/v2\/product"}],"about":[{"href":"https:\/\/tusta.com.ar\/index.php\/wp-json\/wp\/v2\/types\/product"}],"replies":[{"embeddable":true,"href":"https:\/\/tusta.com.ar\/index.php\/wp-json\/wp\/v2\/comments?post=913"}],"version-history":[{"count":3,"href":"https:\/\/tusta.com.ar\/index.php\/wp-json\/wp\/v2\/product\/913\/revisions"}],"predecessor-version":[{"id":3158,"href":"https:\/\/tusta.com.ar\/index.php\/wp-json\/wp\/v2\/product\/913\/revisions\/3158"}],"wp:featuredmedia":[{"embeddable":true,"href":"https:\/\/tusta.com.ar\/index.php\/wp-json\/wp\/v2\/media\/972"}],"wp:attachment":[{"href":"https:\/\/tusta.com.ar\/index.php\/wp-json\/wp\/v2\/media?parent=913"}],"wp:term":[{"taxonomy":"product_brand","embeddable":true,"href":"https:\/\/tusta.com.ar\/index.php\/wp-json\/wp\/v2\/product_brand?post=913"},{"taxonomy":"product_cat","embeddable":true,"href":"https:\/\/tusta.com.ar\/index.php\/wp-json\/wp\/v2\/product_cat?post=913"},{"taxonomy":"product_tag","embeddable":true,"href":"https:\/\/tusta.com.ar\/index.php\/wp-json\/wp\/v2\/product_tag?post=913"}],"curies":[{"name":"wp","href":"https:\/\/api.w.org\/{rel}","templated":true}]}}