{"id":919,"date":"2024-04-03T16:35:41","date_gmt":"2024-04-03T14:35:41","guid":{"rendered":"https:\/\/tusta.com.ar\/?post_type=product&#038;p=919"},"modified":"2026-03-13T14:16:42","modified_gmt":"2026-03-13T17:16:42","slug":"iluminacion-superled-144w-rgb-vulcano","status":"publish","type":"product","link":"https:\/\/tusta.com.ar\/index.php\/producto\/iluminacion-superled-144w-rgb-vulcano\/","title":{"rendered":"Iluminaci\u00f3n SuperLED 14,4w RGB Vulcano"},"content":{"rendered":"<p><b>Caracter\u00edsticas t\u00e9cnicas<\/b><br \/>\n\u2022 Grado de protecci\u00f3n IP68.<br \/>\n\u2022 \u00c1rea de iluminaci\u00f3n 38 m\u00b2.<br \/>\n\u2022 Sistema de instalaci\u00f3n push in, encastre a presi\u00f3n en pasamuro.<br \/>\n\u2022 Garant\u00eda 1 a\u00f1o.<\/p>\n","protected":false},"excerpt":{"rendered":"<p>Luminaria subacu\u00e1tica SuperLED Vulcano 14,4W de luz RGB 12 VCC. Con \u00e1ngulo de apertura de 170\u00b0,\u00a0<b>brinda excelente potencia de iluminaci\u00f3n con niveles muy bajos de consumo energ\u00e9tico.<\/b>\u00a0Esta luz, fabricada completamente en policarbonato de alta calidad, es compacta, delgada y de f\u00e1cil instalaci\u00f3n.<\/p>\n","protected":false},"featured_media":977,"comment_status":"open","ping_status":"closed","template":"","meta":{"_eb_attr":""},"product_brand":[],"product_cat":[69,55],"product_tag":[112],"class_list":{"0":"post-919","1":"product","2":"type-product","3":"status-publish","4":"has-post-thumbnail","6":"product_cat-iluminacion","7":"product_cat-piscina","8":"product_tag-vulcano","10":"first","11":"instock","12":"shipping-taxable","13":"purchasable","14":"product-type-simple"},"_links":{"self":[{"href":"https:\/\/tusta.com.ar\/index.php\/wp-json\/wp\/v2\/product\/919","targetHints":{"allow":["GET"]}}],"collection":[{"href":"https:\/\/tusta.com.ar\/index.php\/wp-json\/wp\/v2\/product"}],"about":[{"href":"https:\/\/tusta.com.ar\/index.php\/wp-json\/wp\/v2\/types\/product"}],"replies":[{"embeddable":true,"href":"https:\/\/tusta.com.ar\/index.php\/wp-json\/wp\/v2\/comments?post=919"}],"version-history":[{"count":3,"href":"https:\/\/tusta.com.ar\/index.php\/wp-json\/wp\/v2\/product\/919\/revisions"}],"predecessor-version":[{"id":3148,"href":"https:\/\/tusta.com.ar\/index.php\/wp-json\/wp\/v2\/product\/919\/revisions\/3148"}],"wp:featuredmedia":[{"embeddable":true,"href":"https:\/\/tusta.com.ar\/index.php\/wp-json\/wp\/v2\/media\/977"}],"wp:attachment":[{"href":"https:\/\/tusta.com.ar\/index.php\/wp-json\/wp\/v2\/media?parent=919"}],"wp:term":[{"taxonomy":"product_brand","embeddable":true,"href":"https:\/\/tusta.com.ar\/index.php\/wp-json\/wp\/v2\/product_brand?post=919"},{"taxonomy":"product_cat","embeddable":true,"href":"https:\/\/tusta.com.ar\/index.php\/wp-json\/wp\/v2\/product_cat?post=919"},{"taxonomy":"product_tag","embeddable":true,"href":"https:\/\/tusta.com.ar\/index.php\/wp-json\/wp\/v2\/product_tag?post=919"}],"curies":[{"name":"wp","href":"https:\/\/api.w.org\/{rel}","templated":true}]}}