{"id":925,"date":"2024-04-03T16:36:05","date_gmt":"2024-04-03T14:36:05","guid":{"rendered":"https:\/\/tusta.com.ar\/?post_type=product&#038;p=925"},"modified":"2026-03-13T14:24:03","modified_gmt":"2026-03-13T17:24:03","slug":"iluminacion-lumipool-9w-luz-blanca-vulcano","status":"publish","type":"product","link":"https:\/\/tusta.com.ar\/index.php\/producto\/iluminacion-lumipool-9w-luz-blanca-vulcano\/","title":{"rendered":"Iluminaci\u00f3n Lumipool 9w luz Blanca Vulcano"},"content":{"rendered":"<p><b>Caracter\u00edsticas t\u00e9cnicas<\/b><br \/>\n\u2022 Grado de protecci\u00f3n IP68.<br \/>\n\u2022 \u00c1rea de iluminaci\u00f3n 16 m\u00b2.<br \/>\n\u2022 Sistema de instalaci\u00f3n push in, encastre a presi\u00f3n en pasamuro.<br \/>\n\u2022 Garant\u00eda 1 a\u00f1o.<\/p>\n","protected":false},"excerpt":{"rendered":"<p>Luminaria subacu\u00e1tica LUMIPOOL Vulcano 9W de luz blanca 12 VCC. Con \u00e1ngulo de apertura de 170\u00b0,\u00a0<b>brinda excelente potencia de iluminaci\u00f3n con niveles muy bajos de consumo energ\u00e9tico.<\/b>\u00a0Esta luz, fabricada completamente en policarbonato led, es compacta y de f\u00e1cil instalaci\u00f3n.<\/p>\n","protected":false},"featured_media":978,"comment_status":"open","ping_status":"closed","template":"","meta":{"_eb_attr":""},"product_brand":[],"product_cat":[69,55],"product_tag":[112],"class_list":{"0":"post-925","1":"product","2":"type-product","3":"status-publish","4":"has-post-thumbnail","6":"product_cat-iluminacion","7":"product_cat-piscina","8":"product_tag-vulcano","10":"first","11":"instock","12":"shipping-taxable","13":"purchasable","14":"product-type-simple"},"_links":{"self":[{"href":"https:\/\/tusta.com.ar\/index.php\/wp-json\/wp\/v2\/product\/925","targetHints":{"allow":["GET"]}}],"collection":[{"href":"https:\/\/tusta.com.ar\/index.php\/wp-json\/wp\/v2\/product"}],"about":[{"href":"https:\/\/tusta.com.ar\/index.php\/wp-json\/wp\/v2\/types\/product"}],"replies":[{"embeddable":true,"href":"https:\/\/tusta.com.ar\/index.php\/wp-json\/wp\/v2\/comments?post=925"}],"version-history":[{"count":2,"href":"https:\/\/tusta.com.ar\/index.php\/wp-json\/wp\/v2\/product\/925\/revisions"}],"predecessor-version":[{"id":3149,"href":"https:\/\/tusta.com.ar\/index.php\/wp-json\/wp\/v2\/product\/925\/revisions\/3149"}],"wp:featuredmedia":[{"embeddable":true,"href":"https:\/\/tusta.com.ar\/index.php\/wp-json\/wp\/v2\/media\/978"}],"wp:attachment":[{"href":"https:\/\/tusta.com.ar\/index.php\/wp-json\/wp\/v2\/media?parent=925"}],"wp:term":[{"taxonomy":"product_brand","embeddable":true,"href":"https:\/\/tusta.com.ar\/index.php\/wp-json\/wp\/v2\/product_brand?post=925"},{"taxonomy":"product_cat","embeddable":true,"href":"https:\/\/tusta.com.ar\/index.php\/wp-json\/wp\/v2\/product_cat?post=925"},{"taxonomy":"product_tag","embeddable":true,"href":"https:\/\/tusta.com.ar\/index.php\/wp-json\/wp\/v2\/product_tag?post=925"}],"curies":[{"name":"wp","href":"https:\/\/api.w.org\/{rel}","templated":true}]}}