{"id":937,"date":"2024-04-03T16:36:28","date_gmt":"2024-04-03T14:36:28","guid":{"rendered":"https:\/\/tusta.com.ar\/?post_type=product&#038;p=937"},"modified":"2026-03-12T17:53:35","modified_gmt":"2026-03-12T20:53:35","slug":"sacahojas-plastico-red-plano-19-mm-vulcano","status":"publish","type":"product","link":"https:\/\/tusta.com.ar\/index.php\/producto\/sacahojas-plastico-red-plano-19-mm-vulcano\/","title":{"rendered":"Sacahojas Pl\u00e1stico Red Plano 19 mm Vulcano"},"content":{"rendered":"<p>Saca hojas pl\u00e1stico con red plana para mango de di\u00e1metro \u00f8 19mm. Pensado para colectar impurezas cercanas a la superficie del agua de la piscina.<\/p>\n<p><strong>Recomendaciones Para el uso del Sacahojas Pl\u00e1stico 19 mm Vulcano<\/strong><\/p>\n<ul>\n<li>Utilizar el sacahojas pl\u00e1stico 19 mm Vulcano con mangos apropiados en largo y di\u00e1metro.<\/li>\n<li>Al desplazar el sacahojas pl\u00e1stico 19 mm Vulcano \u00a0aseg\u00farese\u00a0de realizar movimientos que no produzcan el\u00a0hundimiento\u00a0de las\u00a0impurezas\u00a0a remover.<\/li>\n<li>Una vez concluida la tarea poner el sacahojas pl\u00e1stico 19 mm Vulcano al resguardo de la exposici\u00f3n solar.<\/li>\n<\/ul>\n","protected":false},"excerpt":{"rendered":"<p>Saca hojas pl\u00e1stico con red plana para mango de di\u00e1metro \u00f8 19mm. Pensado para colectar impurezas cercanas a la superficie del agua de la piscina. Recomendaciones Para el uso del Sacahojas Pl\u00e1stico 19 mm Vulcano Utilizar el sacahojas pl\u00e1stico 19 mm Vulcano con mangos apropiados en largo y di\u00e1metro. Al desplazar el sacahojas pl\u00e1stico 19 mm Vulcano \u00a0aseg\u00farese\u00a0de realizar movimientos que no produzcan el\u00a0hundimiento\u00a0de las\u00a0impurezas\u00a0a remover. Una vez concluida la tarea poner el sacahojas pl\u00e1stico 19 mm Vulcano al resguardo de la exposici\u00f3n solar.<\/p>\n","protected":false},"featured_media":990,"comment_status":"open","ping_status":"closed","template":"","meta":{"_eb_attr":""},"product_brand":[],"product_cat":[55,71],"product_tag":[112],"class_list":{"0":"post-937","1":"product","2":"type-product","3":"status-publish","4":"has-post-thumbnail","6":"product_cat-piscina","7":"product_cat-sacahojas","8":"product_tag-vulcano","10":"first","11":"instock","12":"shipping-taxable","13":"purchasable","14":"product-type-simple"},"_links":{"self":[{"href":"https:\/\/tusta.com.ar\/index.php\/wp-json\/wp\/v2\/product\/937","targetHints":{"allow":["GET"]}}],"collection":[{"href":"https:\/\/tusta.com.ar\/index.php\/wp-json\/wp\/v2\/product"}],"about":[{"href":"https:\/\/tusta.com.ar\/index.php\/wp-json\/wp\/v2\/types\/product"}],"replies":[{"embeddable":true,"href":"https:\/\/tusta.com.ar\/index.php\/wp-json\/wp\/v2\/comments?post=937"}],"version-history":[{"count":2,"href":"https:\/\/tusta.com.ar\/index.php\/wp-json\/wp\/v2\/product\/937\/revisions"}],"predecessor-version":[{"id":3088,"href":"https:\/\/tusta.com.ar\/index.php\/wp-json\/wp\/v2\/product\/937\/revisions\/3088"}],"wp:featuredmedia":[{"embeddable":true,"href":"https:\/\/tusta.com.ar\/index.php\/wp-json\/wp\/v2\/media\/990"}],"wp:attachment":[{"href":"https:\/\/tusta.com.ar\/index.php\/wp-json\/wp\/v2\/media?parent=937"}],"wp:term":[{"taxonomy":"product_brand","embeddable":true,"href":"https:\/\/tusta.com.ar\/index.php\/wp-json\/wp\/v2\/product_brand?post=937"},{"taxonomy":"product_cat","embeddable":true,"href":"https:\/\/tusta.com.ar\/index.php\/wp-json\/wp\/v2\/product_cat?post=937"},{"taxonomy":"product_tag","embeddable":true,"href":"https:\/\/tusta.com.ar\/index.php\/wp-json\/wp\/v2\/product_tag?post=937"}],"curies":[{"name":"wp","href":"https:\/\/api.w.org\/{rel}","templated":true}]}}