{"id":938,"date":"2024-04-03T16:36:28","date_gmt":"2024-04-03T14:36:28","guid":{"rendered":"https:\/\/tusta.com.ar\/?post_type=product&#038;p=938"},"modified":"2026-03-12T17:53:53","modified_gmt":"2026-03-12T20:53:53","slug":"sacahojas-plastico-red-bolsa-19-mm-vulcano","status":"publish","type":"product","link":"https:\/\/tusta.com.ar\/index.php\/producto\/sacahojas-plastico-red-bolsa-19-mm-vulcano\/","title":{"rendered":"Sacahojas Pl\u00e1stico Red Bolsa 19 mm Vulcano"},"content":{"rendered":"<p>Sacahojas pl\u00e1stico con red bolsa para mango de di\u00e1metro 19 mm. Pensado para colectar impurezas del fondo de la piscina, tiene el mango reforzado, y un canto en forma de pala para hacer mas sencilla la recolecci\u00f3n.<\/p>\n","protected":false},"excerpt":{"rendered":"<p>Sacahojas pl\u00e1stico con red bolsa para mango de di\u00e1metro 19 mm. Pensado para colectar impurezas del fondo de la piscina, tiene el mango reforzado, y un canto en forma de pala para hacer mas sencilla la recolecci\u00f3n.<\/p>\n","protected":false},"featured_media":994,"comment_status":"open","ping_status":"closed","template":"","meta":{"_eb_attr":""},"product_brand":[],"product_cat":[55,71],"product_tag":[112],"class_list":{"0":"post-938","1":"product","2":"type-product","3":"status-publish","4":"has-post-thumbnail","6":"product_cat-piscina","7":"product_cat-sacahojas","8":"product_tag-vulcano","10":"first","11":"instock","12":"shipping-taxable","13":"purchasable","14":"product-type-simple"},"_links":{"self":[{"href":"https:\/\/tusta.com.ar\/index.php\/wp-json\/wp\/v2\/product\/938","targetHints":{"allow":["GET"]}}],"collection":[{"href":"https:\/\/tusta.com.ar\/index.php\/wp-json\/wp\/v2\/product"}],"about":[{"href":"https:\/\/tusta.com.ar\/index.php\/wp-json\/wp\/v2\/types\/product"}],"replies":[{"embeddable":true,"href":"https:\/\/tusta.com.ar\/index.php\/wp-json\/wp\/v2\/comments?post=938"}],"version-history":[{"count":1,"href":"https:\/\/tusta.com.ar\/index.php\/wp-json\/wp\/v2\/product\/938\/revisions"}],"predecessor-version":[{"id":2183,"href":"https:\/\/tusta.com.ar\/index.php\/wp-json\/wp\/v2\/product\/938\/revisions\/2183"}],"wp:featuredmedia":[{"embeddable":true,"href":"https:\/\/tusta.com.ar\/index.php\/wp-json\/wp\/v2\/media\/994"}],"wp:attachment":[{"href":"https:\/\/tusta.com.ar\/index.php\/wp-json\/wp\/v2\/media?parent=938"}],"wp:term":[{"taxonomy":"product_brand","embeddable":true,"href":"https:\/\/tusta.com.ar\/index.php\/wp-json\/wp\/v2\/product_brand?post=938"},{"taxonomy":"product_cat","embeddable":true,"href":"https:\/\/tusta.com.ar\/index.php\/wp-json\/wp\/v2\/product_cat?post=938"},{"taxonomy":"product_tag","embeddable":true,"href":"https:\/\/tusta.com.ar\/index.php\/wp-json\/wp\/v2\/product_tag?post=938"}],"curies":[{"name":"wp","href":"https:\/\/api.w.org\/{rel}","templated":true}]}}