{"id":941,"date":"2024-04-03T16:36:28","date_gmt":"2024-04-03T14:36:28","guid":{"rendered":"https:\/\/tusta.com.ar\/?post_type=product&#038;p=941"},"modified":"2026-03-12T17:55:04","modified_gmt":"2026-03-12T20:55:04","slug":"sacahojas-plastico-red-plano-o32-con-pala-vulcano","status":"publish","type":"product","link":"https:\/\/tusta.com.ar\/index.php\/producto\/sacahojas-plastico-red-plano-o32-con-pala-vulcano\/","title":{"rendered":"Sacahojas Pl\u00e1stico Red Plano \u00f832 con Pala Vulcano"},"content":{"rendered":"<p><strong>\u00a0<\/strong>Saca hojas pl\u00e1stico con red plana para mango de di\u00e1metro \u00f832 mm. Pensado para colectar impurezas de la superficie. Tiene el mango reforzado y una cu\u00f1a en forma de pala para hacer m\u00e1s sencilla la recolecci\u00f3n en el fondo de la piscina.<\/p>\n","protected":false},"excerpt":{"rendered":"<p>\u00a0Saca hojas pl\u00e1stico con red plana para mango de di\u00e1metro \u00f832 mm. Pensado para colectar impurezas de la superficie. Tiene el mango reforzado y una cu\u00f1a en forma de pala para hacer m\u00e1s sencilla la recolecci\u00f3n en el fondo de la piscina.<\/p>\n","protected":false},"featured_media":1000,"comment_status":"open","ping_status":"closed","template":"","meta":{"_eb_attr":""},"product_brand":[],"product_cat":[55,71],"product_tag":[112],"class_list":{"0":"post-941","1":"product","2":"type-product","3":"status-publish","4":"has-post-thumbnail","6":"product_cat-piscina","7":"product_cat-sacahojas","8":"product_tag-vulcano","10":"first","11":"instock","12":"shipping-taxable","13":"purchasable","14":"product-type-simple"},"_links":{"self":[{"href":"https:\/\/tusta.com.ar\/index.php\/wp-json\/wp\/v2\/product\/941","targetHints":{"allow":["GET"]}}],"collection":[{"href":"https:\/\/tusta.com.ar\/index.php\/wp-json\/wp\/v2\/product"}],"about":[{"href":"https:\/\/tusta.com.ar\/index.php\/wp-json\/wp\/v2\/types\/product"}],"replies":[{"embeddable":true,"href":"https:\/\/tusta.com.ar\/index.php\/wp-json\/wp\/v2\/comments?post=941"}],"version-history":[{"count":1,"href":"https:\/\/tusta.com.ar\/index.php\/wp-json\/wp\/v2\/product\/941\/revisions"}],"predecessor-version":[{"id":2186,"href":"https:\/\/tusta.com.ar\/index.php\/wp-json\/wp\/v2\/product\/941\/revisions\/2186"}],"wp:featuredmedia":[{"embeddable":true,"href":"https:\/\/tusta.com.ar\/index.php\/wp-json\/wp\/v2\/media\/1000"}],"wp:attachment":[{"href":"https:\/\/tusta.com.ar\/index.php\/wp-json\/wp\/v2\/media?parent=941"}],"wp:term":[{"taxonomy":"product_brand","embeddable":true,"href":"https:\/\/tusta.com.ar\/index.php\/wp-json\/wp\/v2\/product_brand?post=941"},{"taxonomy":"product_cat","embeddable":true,"href":"https:\/\/tusta.com.ar\/index.php\/wp-json\/wp\/v2\/product_cat?post=941"},{"taxonomy":"product_tag","embeddable":true,"href":"https:\/\/tusta.com.ar\/index.php\/wp-json\/wp\/v2\/product_tag?post=941"}],"curies":[{"name":"wp","href":"https:\/\/api.w.org\/{rel}","templated":true}]}}