{"id":963,"date":"2024-04-03T16:37:13","date_gmt":"2024-04-03T14:37:13","guid":{"rendered":"https:\/\/tusta.com.ar\/?post_type=product&#038;p=963"},"modified":"2026-02-18T11:56:15","modified_gmt":"2026-02-18T14:56:15","slug":"hidrojet-aro-blanco-vulcano","status":"publish","type":"product","link":"https:\/\/tusta.com.ar\/index.php\/producto\/hidrojet-aro-blanco-vulcano\/","title":{"rendered":"Hidrojet aro blanco Vulcano"},"content":{"rendered":"<div align=\"center\">\n<div id=\"lodeladerecha\" align=\"left\">\n<div align=\"left\">Hidrojet aro blanco Vulcano, con conexi\u00f3n de agua \u00f8 40mm y conexi\u00f3n de aire \u00f8 32mm. Permiten un caudal de 1500 l\/h. Su principal funci\u00f3n, es la de mezclar en su interior agua y aire, para luego enviar la mezcla mediante una boquilla orientable al interior de la ba\u00f1era.<\/div>\n<\/div>\n<\/div>\n","protected":false},"excerpt":{"rendered":"<p>Hidrojet aro blanco Vulcano, con conexi\u00f3n de agua \u00f8 40mm y conexi\u00f3n de aire \u00f8 32mm. Permiten un caudal de 1500 l\/h. Su principal funci\u00f3n, es la de mezclar en su interior agua y aire, para luego enviar la mezcla mediante una boquilla orientable al interior de la ba\u00f1era.<\/p>\n","protected":false},"featured_media":1017,"comment_status":"open","ping_status":"closed","template":"","meta":{"_eb_attr":""},"product_brand":[],"product_cat":[76,55],"product_tag":[112],"class_list":{"0":"post-963","1":"product","2":"type-product","3":"status-publish","4":"has-post-thumbnail","6":"product_cat-hidromasajes","7":"product_cat-piscina","8":"product_tag-vulcano","10":"first","11":"instock","12":"shipping-taxable","13":"product-type-simple"},"_links":{"self":[{"href":"https:\/\/tusta.com.ar\/index.php\/wp-json\/wp\/v2\/product\/963","targetHints":{"allow":["GET"]}}],"collection":[{"href":"https:\/\/tusta.com.ar\/index.php\/wp-json\/wp\/v2\/product"}],"about":[{"href":"https:\/\/tusta.com.ar\/index.php\/wp-json\/wp\/v2\/types\/product"}],"replies":[{"embeddable":true,"href":"https:\/\/tusta.com.ar\/index.php\/wp-json\/wp\/v2\/comments?post=963"}],"version-history":[{"count":1,"href":"https:\/\/tusta.com.ar\/index.php\/wp-json\/wp\/v2\/product\/963\/revisions"}],"predecessor-version":[{"id":2035,"href":"https:\/\/tusta.com.ar\/index.php\/wp-json\/wp\/v2\/product\/963\/revisions\/2035"}],"wp:featuredmedia":[{"embeddable":true,"href":"https:\/\/tusta.com.ar\/index.php\/wp-json\/wp\/v2\/media\/1017"}],"wp:attachment":[{"href":"https:\/\/tusta.com.ar\/index.php\/wp-json\/wp\/v2\/media?parent=963"}],"wp:term":[{"taxonomy":"product_brand","embeddable":true,"href":"https:\/\/tusta.com.ar\/index.php\/wp-json\/wp\/v2\/product_brand?post=963"},{"taxonomy":"product_cat","embeddable":true,"href":"https:\/\/tusta.com.ar\/index.php\/wp-json\/wp\/v2\/product_cat?post=963"},{"taxonomy":"product_tag","embeddable":true,"href":"https:\/\/tusta.com.ar\/index.php\/wp-json\/wp\/v2\/product_tag?post=963"}],"curies":[{"name":"wp","href":"https:\/\/api.w.org\/{rel}","templated":true}]}}