{"id":965,"date":"2024-04-03T16:37:13","date_gmt":"2024-04-03T14:37:13","guid":{"rendered":"https:\/\/tusta.com.ar\/?post_type=product&#038;p=965"},"modified":"2025-10-14T15:15:39","modified_gmt":"2025-10-14T18:15:39","slug":"pulsador-neumatico-blanco-vulcano","status":"publish","type":"product","link":"https:\/\/tusta.com.ar\/index.php\/producto\/pulsador-neumatico-blanco-vulcano\/","title":{"rendered":"Pulsador neum\u00e1tico blanco Vulcano"},"content":{"rendered":"<div align=\"center\">\n<div id=\"lodeladerecha\" align=\"left\">\n<div align=\"left\">\n<div align=\"center\">\n<div id=\"lodeladerecha\" align=\"left\">\n<div align=\"left\">Pulsador neum\u00e1tico blanco Vulcano, con conexi\u00f3n de aire \u00f8 32mm. Tienen la funci\u00f3n de accionar de manera remota controles el\u00e9ctricos, con la m\u00e1xima seguridad de aislaci\u00f3n el\u00e9ctrica para el usuario.<\/div>\n<\/div>\n<\/div>\n<\/div>\n<\/div>\n<\/div>\n","protected":false},"excerpt":{"rendered":"<p>Pulsador neum\u00e1tico blanco Vulcano, con conexi\u00f3n de aire \u00f8 32mm. Tienen la funci\u00f3n de accionar de manera remota controles el\u00e9ctricos, con la m\u00e1xima seguridad de aislaci\u00f3n el\u00e9ctrica para el usuario.<\/p>\n","protected":false},"featured_media":1023,"comment_status":"open","ping_status":"closed","template":"","meta":{"_eb_attr":""},"product_brand":[],"product_cat":[76,55],"product_tag":[112],"class_list":{"0":"post-965","1":"product","2":"type-product","3":"status-publish","4":"has-post-thumbnail","6":"product_cat-hidromasajes","7":"product_cat-piscina","8":"product_tag-vulcano","10":"first","11":"instock","12":"shipping-taxable","13":"product-type-simple"},"_links":{"self":[{"href":"https:\/\/tusta.com.ar\/index.php\/wp-json\/wp\/v2\/product\/965","targetHints":{"allow":["GET"]}}],"collection":[{"href":"https:\/\/tusta.com.ar\/index.php\/wp-json\/wp\/v2\/product"}],"about":[{"href":"https:\/\/tusta.com.ar\/index.php\/wp-json\/wp\/v2\/types\/product"}],"replies":[{"embeddable":true,"href":"https:\/\/tusta.com.ar\/index.php\/wp-json\/wp\/v2\/comments?post=965"}],"version-history":[{"count":2,"href":"https:\/\/tusta.com.ar\/index.php\/wp-json\/wp\/v2\/product\/965\/revisions"}],"predecessor-version":[{"id":3022,"href":"https:\/\/tusta.com.ar\/index.php\/wp-json\/wp\/v2\/product\/965\/revisions\/3022"}],"wp:featuredmedia":[{"embeddable":true,"href":"https:\/\/tusta.com.ar\/index.php\/wp-json\/wp\/v2\/media\/1023"}],"wp:attachment":[{"href":"https:\/\/tusta.com.ar\/index.php\/wp-json\/wp\/v2\/media?parent=965"}],"wp:term":[{"taxonomy":"product_brand","embeddable":true,"href":"https:\/\/tusta.com.ar\/index.php\/wp-json\/wp\/v2\/product_brand?post=965"},{"taxonomy":"product_cat","embeddable":true,"href":"https:\/\/tusta.com.ar\/index.php\/wp-json\/wp\/v2\/product_cat?post=965"},{"taxonomy":"product_tag","embeddable":true,"href":"https:\/\/tusta.com.ar\/index.php\/wp-json\/wp\/v2\/product_tag?post=965"}],"curies":[{"name":"wp","href":"https:\/\/api.w.org\/{rel}","templated":true}]}}