{"id":970,"date":"2024-04-03T16:37:40","date_gmt":"2024-04-03T14:37:40","guid":{"rendered":"https:\/\/tusta.com.ar\/?post_type=product&#038;p=970"},"modified":"2025-05-12T18:48:15","modified_gmt":"2025-05-12T16:48:15","slug":"succion-antivortex-blanco-vulcano","status":"publish","type":"product","link":"https:\/\/tusta.com.ar\/index.php\/producto\/succion-antivortex-blanco-vulcano\/","title":{"rendered":"Succi\u00f3n antivortex blanco Vulcano"},"content":{"rendered":"<div align=\"center\">\n<div id=\"lodeladerecha\" align=\"left\">\n<div align=\"left\">\n<div align=\"center\">\n<div id=\"lodeladerecha\" align=\"left\">\n<div align=\"left\">Succi\u00f3n antivortex blanco Vulcano, con conexi\u00f3n de agua para pegar \u00f8 40mm. Su forma y distribuci\u00f3n de los puntos de succi\u00f3n, fueron pensados para que al ser obstruidos por el cuerpo del usuario garantice siempre el ingreso de agua y evite el efecto ventosa.<\/div>\n<\/div>\n<\/div>\n<\/div>\n<\/div>\n<\/div>\n","protected":false},"excerpt":{"rendered":"<p>Succi\u00f3n antivortex blanco Vulcano, con conexi\u00f3n de agua para pegar \u00f8 40mm. Su forma y distribuci\u00f3n de los puntos de succi\u00f3n, fueron pensados para que al ser obstruidos por el cuerpo del usuario garantice siempre el ingreso de agua y evite el efecto ventosa.<\/p>\n","protected":false},"featured_media":1028,"comment_status":"open","ping_status":"closed","template":"","meta":{"_eb_attr":""},"product_brand":[],"product_cat":[76,55],"product_tag":[112],"class_list":{"0":"post-970","1":"product","2":"type-product","3":"status-publish","4":"has-post-thumbnail","6":"product_cat-hidromasajes","7":"product_cat-piscina","8":"product_tag-vulcano","10":"first","11":"instock","12":"shipping-taxable","13":"product-type-simple"},"_links":{"self":[{"href":"https:\/\/tusta.com.ar\/index.php\/wp-json\/wp\/v2\/product\/970","targetHints":{"allow":["GET"]}}],"collection":[{"href":"https:\/\/tusta.com.ar\/index.php\/wp-json\/wp\/v2\/product"}],"about":[{"href":"https:\/\/tusta.com.ar\/index.php\/wp-json\/wp\/v2\/types\/product"}],"replies":[{"embeddable":true,"href":"https:\/\/tusta.com.ar\/index.php\/wp-json\/wp\/v2\/comments?post=970"}],"version-history":[{"count":1,"href":"https:\/\/tusta.com.ar\/index.php\/wp-json\/wp\/v2\/product\/970\/revisions"}],"predecessor-version":[{"id":2041,"href":"https:\/\/tusta.com.ar\/index.php\/wp-json\/wp\/v2\/product\/970\/revisions\/2041"}],"wp:featuredmedia":[{"embeddable":true,"href":"https:\/\/tusta.com.ar\/index.php\/wp-json\/wp\/v2\/media\/1028"}],"wp:attachment":[{"href":"https:\/\/tusta.com.ar\/index.php\/wp-json\/wp\/v2\/media?parent=970"}],"wp:term":[{"taxonomy":"product_brand","embeddable":true,"href":"https:\/\/tusta.com.ar\/index.php\/wp-json\/wp\/v2\/product_brand?post=970"},{"taxonomy":"product_cat","embeddable":true,"href":"https:\/\/tusta.com.ar\/index.php\/wp-json\/wp\/v2\/product_cat?post=970"},{"taxonomy":"product_tag","embeddable":true,"href":"https:\/\/tusta.com.ar\/index.php\/wp-json\/wp\/v2\/product_tag?post=970"}],"curies":[{"name":"wp","href":"https:\/\/api.w.org\/{rel}","templated":true}]}}