{"id":971,"date":"2024-04-03T16:37:40","date_gmt":"2024-04-03T14:37:40","guid":{"rendered":"https:\/\/tusta.com.ar\/?post_type=product&#038;p=971"},"modified":"2026-03-12T17:58:16","modified_gmt":"2026-03-12T20:58:16","slug":"ionizador-solar-ion-100-vulcano","status":"publish","type":"product","link":"https:\/\/tusta.com.ar\/index.php\/producto\/ionizador-solar-ion-100-vulcano\/","title":{"rendered":"Ionizador solar ION &#8211; 100 Vulcano"},"content":{"rendered":"<p><b>Caracter\u00edsticas t\u00e9cnicas<\/b><br \/>\n\u2022 Electrodo de cobre \u220522 mm +\/-1% de 80 mm de largo.<br \/>\n\u2022 Consumo 2W\/6V.<br \/>\n\u2022 Incluye cepillo para limpiar el electrodo y el\u00a0<a href=\"https:\/\/vulcano-sa.com.ar\/producto\/test-de-cobre-30-tiras\/\">test de cobre de 30 tiras<\/a>.<\/p>\n","protected":false},"excerpt":{"rendered":"<p>Ionizador solar flotante ION &#8211; 100 Vulcano. Ayuda a mantener\u00a0<b>el agua de tu piscina limpia y libre de algas,<\/b>\u00a0usando la energ\u00eda del sol. Funciona liberando iones de cobre en el agua, los cuales eliminan microorganismos y\u00a0<b>reducen hasta un 80-90% el uso de cloro.<\/b>\u00a0Adem\u00e1s, ayuda a eliminar minerales indeseables como el calcio y el hierro.<\/p>\n<p>Es un sistema ecol\u00f3gico, seguro y no t\u00f3xico. Para usarlo, solo hay que dejarlo flotando en la piscina hasta que alcance el nivel \u00f3ptimo de iones. Luego, se retira y se vuelve a colocar cuando sea necesario.<\/p>\n","protected":false},"featured_media":1029,"comment_status":"open","ping_status":"closed","template":"","meta":{"_eb_attr":""},"product_brand":[],"product_cat":[77,55],"product_tag":[112],"class_list":{"0":"post-971","1":"product","2":"type-product","3":"status-publish","4":"has-post-thumbnail","6":"product_cat-equipos-desinfeccion","7":"product_cat-piscina","8":"product_tag-vulcano","10":"first","11":"instock","12":"shipping-taxable","13":"purchasable","14":"product-type-simple"},"_links":{"self":[{"href":"https:\/\/tusta.com.ar\/index.php\/wp-json\/wp\/v2\/product\/971","targetHints":{"allow":["GET"]}}],"collection":[{"href":"https:\/\/tusta.com.ar\/index.php\/wp-json\/wp\/v2\/product"}],"about":[{"href":"https:\/\/tusta.com.ar\/index.php\/wp-json\/wp\/v2\/types\/product"}],"replies":[{"embeddable":true,"href":"https:\/\/tusta.com.ar\/index.php\/wp-json\/wp\/v2\/comments?post=971"}],"version-history":[{"count":2,"href":"https:\/\/tusta.com.ar\/index.php\/wp-json\/wp\/v2\/product\/971\/revisions"}],"predecessor-version":[{"id":3247,"href":"https:\/\/tusta.com.ar\/index.php\/wp-json\/wp\/v2\/product\/971\/revisions\/3247"}],"wp:featuredmedia":[{"embeddable":true,"href":"https:\/\/tusta.com.ar\/index.php\/wp-json\/wp\/v2\/media\/1029"}],"wp:attachment":[{"href":"https:\/\/tusta.com.ar\/index.php\/wp-json\/wp\/v2\/media?parent=971"}],"wp:term":[{"taxonomy":"product_brand","embeddable":true,"href":"https:\/\/tusta.com.ar\/index.php\/wp-json\/wp\/v2\/product_brand?post=971"},{"taxonomy":"product_cat","embeddable":true,"href":"https:\/\/tusta.com.ar\/index.php\/wp-json\/wp\/v2\/product_cat?post=971"},{"taxonomy":"product_tag","embeddable":true,"href":"https:\/\/tusta.com.ar\/index.php\/wp-json\/wp\/v2\/product_tag?post=971"}],"curies":[{"name":"wp","href":"https:\/\/api.w.org\/{rel}","templated":true}]}}